{"id":1205,"date":"2023-08-13T16:54:34","date_gmt":"2023-08-13T08:54:34","guid":{"rendered":"https:\/\/oxynitra.com\/?page_id=1205"},"modified":"2023-08-15T11:52:04","modified_gmt":"2023-08-15T03:52:04","slug":"privacy-policy","status":"publish","type":"page","link":"https:\/\/oxynitra.com\/es\/politica-de-privacidad\/","title":{"rendered":"Pol\u00edtica de privacidad"},"content":{"rendered":"<h1 class=\"wp-block-heading has-text-align-center\">Pol\u00edtica de privacidad de OxyNitra<\/h1>\n\n\n\n<p>En OxyNitra, accesible desde oxynitra.com, una de nuestras principales prioridades es la privacidad de nuestros visitantes. Este documento de Pol\u00edtica de Privacidad contiene los tipos de informaci\u00f3n que son recogidos y registrados por OxyNitra y c\u00f3mo los utilizamos.<\/p>\n\n\n\n<p>Si tiene m\u00e1s preguntas o necesita m\u00e1s informaci\u00f3n sobre nuestra Pol\u00edtica de Privacidad, no dude en ponerse en contacto con nosotros.<\/p>\n\n\n\n<h2 class=\"wp-block-heading\">Archivos de registro<\/h2>\n\n\n\n<p>OxyNitra sigue un procedimiento est\u00e1ndar de utilizaci\u00f3n de archivos de registro. Estos archivos registran a los visitantes cuando visitan los sitios web. Todas las empresas de alojamiento lo hacen y forma parte de los an\u00e1lisis de los servicios de alojamiento. La informaci\u00f3n recogida por los archivos de registro incluye direcciones de protocolo de Internet (IP), tipo de navegador, proveedor de servicios de Internet (ISP), fecha y hora, p\u00e1ginas de referencia\/salida y, posiblemente, el n\u00famero de clics. Estos datos no est\u00e1n vinculados a ninguna informaci\u00f3n que permita la identificaci\u00f3n personal. El prop\u00f3sito de la informaci\u00f3n es analizar tendencias, administrar el sitio, rastrear los movimientos de los usuarios en el sitio web y recopilar informaci\u00f3n demogr\u00e1fica.<\/p>\n\n\n\n<h2 class=\"wp-block-heading\">Cookies y balizas web<\/h2>\n\n\n\n<p>Como cualquier otro sitio web, OxyNitra utiliza \"cookies\". Estas cookies se utilizan para almacenar informaci\u00f3n, incluidas las preferencias de los visitantes y las p\u00e1ginas del sitio web a las que el visitante accedi\u00f3 o visit\u00f3. La informaci\u00f3n se utiliza para optimizar la experiencia de los usuarios personalizando el contenido de nuestra p\u00e1gina web en funci\u00f3n del tipo de navegador de los visitantes y\/u otra informaci\u00f3n.<\/p>\n\n\n\n<h2 class=\"wp-block-heading\">Cookie DART de DoubleClick de Google<\/h2>\n\n\n\n<p>Google es uno de los proveedores externos de nuestro sitio. Tambi\u00e9n utiliza cookies, conocidas como cookies DART, para ofrecer anuncios a los visitantes de nuestro sitio en funci\u00f3n de su visita a www.website.com y a otros sitios de Internet. Sin embargo, los visitantes pueden optar por rechazar el uso de cookies DART visitando la Pol\u00edtica de privacidad de la red de anuncios y contenidos de Google en la siguiente URL -. <a href=\"https:\/\/policies.google.com\/technologies\/ads\" target=\"_blank\" rel=\"noopener\">https:\/\/policies.google.com\/technologies\/ads<\/a><\/p>\n\n\n\n<h2 class=\"wp-block-heading\">Nuestros socios publicitarios<\/h2>\n\n\n\n<p>Algunos de los anunciantes de nuestro sitio pueden utilizar cookies y balizas web. A continuaci\u00f3n se enumeran nuestros socios publicitarios. Cada uno de nuestros socios publicitarios tiene su propia Pol\u00edtica de Privacidad para sus pol\u00edticas sobre los datos del usuario. Para facilitar el acceso, a continuaci\u00f3n incluimos un hiperv\u00ednculo a sus Pol\u00edticas de Privacidad.<\/p>\n\n\n\n<ul class=\"wp-block-list\">\n<li>Google <a href=\"https:\/\/policies.google.com\/technologies\/ads\" target=\"_blank\" rel=\"noopener\">https:\/\/policies.google.com\/technologies\/ads<\/a><\/li>\n<\/ul>\n\n\n\n<h2 class=\"wp-block-heading\">Pol\u00edtica de privacidad<\/h2>\n\n\n\n<p>Puede consultar esta lista para encontrar la Pol\u00edtica de Privacidad de cada uno de los socios publicitarios de OxyNitra.<\/p>\n\n\n\n<p>Los servidores o redes publicitarias de terceros utilizan tecnolog\u00edas como cookies, JavaScript o Web Beacons que se utilizan en sus respectivos anuncios y enlaces que aparecen en OxyNitra, y que se env\u00edan directamente al navegador de los usuarios. Cuando esto ocurre, reciben autom\u00e1ticamente su direcci\u00f3n IP. Estas tecnolog\u00edas se utilizan para medir la eficacia de sus campa\u00f1as publicitarias y\/o para personalizar el contenido publicitario que usted ve en los sitios web que visita.<\/p>\n\n\n\n<p>Tenga en cuenta que OxyNitra no tiene acceso ni control sobre estas cookies utilizadas por terceros anunciantes.<\/p>\n\n\n\n<h2 class=\"wp-block-heading\">Pol\u00edticas de privacidad de terceros<\/h2>\n\n\n\n<p>La Pol\u00edtica de Privacidad de OxyNitra no se aplica a otros anunciantes o sitios web. Por lo tanto, le aconsejamos que consulte las respectivas Pol\u00edticas de Privacidad de estos servidores de anuncios de terceros para obtener informaci\u00f3n m\u00e1s detallada. Puede incluir sus pr\u00e1cticas e instrucciones sobre c\u00f3mo optar por no participar en ciertas opciones.<\/p>\n\n\n\n<p>Puede optar por desactivar las cookies a trav\u00e9s de las opciones individuales de su navegador. Para conocer informaci\u00f3n m\u00e1s detallada sobre la gesti\u00f3n de cookies con navegadores web espec\u00edficos, puede encontrarla en las respectivas p\u00e1ginas web de los navegadores. \u00bfQu\u00e9 son las cookies?<\/p>\n\n\n\n<h2 class=\"wp-block-heading\">Informaci\u00f3n infantil<\/h2>\n\n\n\n<p>Otra parte de nuestra prioridad es a\u00f1adir protecci\u00f3n para los ni\u00f1os mientras usan internet. Animamos a padres y tutores a que observen, participen y\/o supervisen y gu\u00eden su actividad en l\u00ednea.<\/p>\n\n\n\n<p>OxyNitra no recopila a sabiendas ninguna Informaci\u00f3n Personal Identificable de ni\u00f1os menores de 13 a\u00f1os. Si cree que su hijo proporcion\u00f3 este tipo de informaci\u00f3n en nuestro sitio web, le recomendamos encarecidamente que se ponga en contacto con nosotros inmediatamente y haremos todo lo posible para eliminar r\u00e1pidamente dicha informaci\u00f3n de nuestros registros.<\/p>\n\n\n\n<h2 class=\"wp-block-heading\">Pol\u00edtica de privacidad en l\u00ednea<\/h2>\n\n\n\n<p>Esta Pol\u00edtica de Privacidad se aplica \u00fanicamente a nuestras actividades en l\u00ednea y es v\u00e1lida para los visitantes de nuestro sitio web con respecto a la informaci\u00f3n que compartieron y\/o recopilan en OxyNitra. Esta pol\u00edtica no es aplicable a ninguna informaci\u00f3n recogida fuera de l\u00ednea o a trav\u00e9s de canales distintos de este sitio web.<\/p>\n\n\n\n<h2 class=\"wp-block-heading\">Consentimiento<\/h2>\n\n\n\n<p>Al utilizar nuestro sitio web, usted acepta nuestra Pol\u00edtica de Privacidad y est\u00e1 de acuerdo con sus T\u00e9rminos y Condiciones.<\/p>","protected":false},"excerpt":{"rendered":"<p>Pol\u00edtica de privacidad de OxyNitra En OxyNitra, accesible desde oxynitra.com, una de nuestras principales prioridades es la privacidad de nuestros visitantes. Este documento de Pol\u00edtica de Privacidad contiene los tipos de informaci\u00f3n que son recogidos y registrados por OxyNitra y c\u00f3mo la utilizamos. Si tiene preguntas adicionales o necesita m\u00e1s informaci\u00f3n sobre nuestra Pol\u00edtica de Privacidad, no [...]<\/p>","protected":false},"author":1,"featured_media":0,"parent":0,"menu_order":0,"comment_status":"closed","ping_status":"closed","template":"","meta":{"site-sidebar-layout":"default","site-content-layout":"","ast-site-content-layout":"default","site-content-style":"default","site-sidebar-style":"default","ast-global-header-display":"","ast-banner-title-visibility":"","ast-main-header-display":"","ast-hfb-above-header-display":"","ast-hfb-below-header-display":"","ast-hfb-mobile-header-display":"","site-post-title":"disabled","ast-breadcrumbs-content":"","ast-featured-img":"","footer-sml-layout":"","ast-disable-related-posts":"","theme-transparent-header-meta":"","adv-header-id-meta":"","stick-header-meta":"","header-above-stick-meta":"","header-main-stick-meta":"","header-below-stick-meta":"","astra-migrate-meta-layouts":"set","ast-page-background-enabled":"default","ast-page-background-meta":{"desktop":{"background-color":"var(--ast-global-color-4)","background-image":"","background-repeat":"repeat","background-position":"center center","background-size":"auto","background-attachment":"scroll","background-type":"","background-media":"","overlay-type":"","overlay-color":"","overlay-opacity":"","overlay-gradient":""},"tablet":{"background-color":"","background-image":"","background-repeat":"repeat","background-position":"center center","background-size":"auto","background-attachment":"scroll","background-type":"","background-media":"","overlay-type":"","overlay-color":"","overlay-opacity":"","overlay-gradient":""},"mobile":{"background-color":"","background-image":"","background-repeat":"repeat","background-position":"center center","background-size":"auto","background-attachment":"scroll","background-type":"","background-media":"","overlay-type":"","overlay-color":"","overlay-opacity":"","overlay-gradient":""}},"ast-content-background-meta":{"desktop":{"background-color":"var(--ast-global-color-5)","background-image":"","background-repeat":"repeat","background-position":"center center","background-size":"auto","background-attachment":"scroll","background-type":"","background-media":"","overlay-type":"","overlay-color":"","overlay-opacity":"","overlay-gradient":""},"tablet":{"background-color":"var(--ast-global-color-5)","background-image":"","background-repeat":"repeat","background-position":"center center","background-size":"auto","background-attachment":"scroll","background-type":"","background-media":"","overlay-type":"","overlay-color":"","overlay-opacity":"","overlay-gradient":""},"mobile":{"background-color":"var(--ast-global-color-5)","background-image":"","background-repeat":"repeat","background-position":"center center","background-size":"auto","background-attachment":"scroll","background-type":"","background-media":"","overlay-type":"","overlay-color":"","overlay-opacity":"","overlay-gradient":""}},"footnotes":""},"class_list":["post-1205","page","type-page","status-publish","hentry"],"_links":{"self":[{"href":"https:\/\/oxynitra.com\/es\/wp-json\/wp\/v2\/pages\/1205","targetHints":{"allow":["GET"]}}],"collection":[{"href":"https:\/\/oxynitra.com\/es\/wp-json\/wp\/v2\/pages"}],"about":[{"href":"https:\/\/oxynitra.com\/es\/wp-json\/wp\/v2\/types\/page"}],"author":[{"embeddable":true,"href":"https:\/\/oxynitra.com\/es\/wp-json\/wp\/v2\/users\/1"}],"replies":[{"embeddable":true,"href":"https:\/\/oxynitra.com\/es\/wp-json\/wp\/v2\/comments?post=1205"}],"version-history":[{"count":0,"href":"https:\/\/oxynitra.com\/es\/wp-json\/wp\/v2\/pages\/1205\/revisions"}],"wp:attachment":[{"href":"https:\/\/oxynitra.com\/es\/wp-json\/wp\/v2\/media?parent=1205"}],"curies":[{"name":"wp","href":"https:\/\/api.w.org\/{rel}","templated":true}]}}