{"id":1205,"date":"2023-08-13T16:54:34","date_gmt":"2023-08-13T08:54:34","guid":{"rendered":"https:\/\/oxynitra.com\/?page_id=1205"},"modified":"2023-08-15T11:52:04","modified_gmt":"2023-08-15T03:52:04","slug":"privacy-policy","status":"publish","type":"page","link":"https:\/\/oxynitra.com\/fr\/politique-de-confidentialite\/","title":{"rendered":"Politique de confidentialit\u00e9"},"content":{"rendered":"<h1 class=\"wp-block-heading has-text-align-center\">Politique de confidentialit\u00e9 pour OxyNitra<\/h1>\n\n\n\n<p>Chez OxyNitra, accessible \u00e0 partir de oxynitra.com, l'une de nos principales priorit\u00e9s est la protection de la vie priv\u00e9e de nos visiteurs. La pr\u00e9sente politique de confidentialit\u00e9 d\u00e9crit les types d'informations collect\u00e9es et enregistr\u00e9es par OxyNitra, ainsi que la mani\u00e8re dont elles sont utilis\u00e9es.<\/p>\n\n\n\n<p>Si vous avez des questions suppl\u00e9mentaires ou si vous souhaitez obtenir plus d'informations sur notre politique de protection de la vie priv\u00e9e, n'h\u00e9sitez pas \u00e0 nous contacter.<\/p>\n\n\n\n<h2 class=\"wp-block-heading\">Fichiers journaux<\/h2>\n\n\n\n<p>OxyNitra suit une proc\u00e9dure standard d'utilisation de fichiers journaux. Ces fichiers enregistrent les visiteurs lorsqu'ils visitent les sites web. Toutes les soci\u00e9t\u00e9s d'h\u00e9bergement le font et cela fait partie de l'analyse des services d'h\u00e9bergement. Les informations collect\u00e9es par les fichiers journaux comprennent les adresses IP (Internet Protocol), le type de navigateur, le fournisseur d'acc\u00e8s \u00e0 Internet (FAI), la date et l'heure, les pages de renvoi et de sortie, et \u00e9ventuellement le nombre de clics. Ces donn\u00e9es ne sont pas li\u00e9es \u00e0 des informations personnellement identifiables. L'objectif de ces informations est d'analyser les tendances, d'administrer le site, de suivre les mouvements des utilisateurs sur le site et de recueillir des informations d\u00e9mographiques.<\/p>\n\n\n\n<h2 class=\"wp-block-heading\">Cookies et balises web<\/h2>\n\n\n\n<p>Comme tout autre site web, OxyNitra utilise des \"cookies\". Ces cookies sont utilis\u00e9s pour stocker des informations, y compris les pr\u00e9f\u00e9rences des visiteurs et les pages du site Web auxquelles le visiteur a acc\u00e9d\u00e9 ou qu'il a visit\u00e9es. Ces informations sont utilis\u00e9es pour optimiser l'exp\u00e9rience des utilisateurs en personnalisant le contenu de nos pages web en fonction du type de navigateur des visiteurs et\/ou d'autres informations.<\/p>\n\n\n\n<h2 class=\"wp-block-heading\">Google DoubleClick DART Cookie<\/h2>\n\n\n\n<p>Google est l'un des fournisseurs tiers de notre site. Il utilise \u00e9galement des cookies, connus sous le nom de cookies DART, pour diffuser des annonces aux visiteurs de notre site en fonction de leur visite sur www.website.com et d'autres sites sur Internet. Toutefois, les visiteurs peuvent choisir de refuser l'utilisation des cookies DART en consultant les r\u00e8gles de confidentialit\u00e9 du r\u00e9seau d'annonces et de contenu de Google \u00e0 l'adresse suivante : . <a href=\"https:\/\/policies.google.com\/technologies\/ads\" target=\"_blank\" rel=\"noopener\">https:\/\/policies.google.com\/technologies\/ads<\/a><\/p>\n\n\n\n<h2 class=\"wp-block-heading\">Nos partenaires publicitaires<\/h2>\n\n\n\n<p>Certains annonceurs pr\u00e9sents sur notre site peuvent utiliser des cookies et des balises web. Nos partenaires publicitaires sont \u00e9num\u00e9r\u00e9s ci-dessous. Chacun de nos partenaires publicitaires dispose de sa propre politique de confidentialit\u00e9 concernant les donn\u00e9es des utilisateurs. Pour faciliter l'acc\u00e8s, nous avons cr\u00e9\u00e9 des liens hypertextes vers leurs politiques de confidentialit\u00e9 ci-dessous.<\/p>\n\n\n\n<ul class=\"wp-block-list\">\n<li>Google <a href=\"https:\/\/policies.google.com\/technologies\/ads\" target=\"_blank\" rel=\"noopener\">https:\/\/policies.google.com\/technologies\/ads<\/a><\/li>\n<\/ul>\n\n\n\n<h2 class=\"wp-block-heading\">Politiques de confidentialit\u00e9<\/h2>\n\n\n\n<p>Vous pouvez consulter cette liste pour trouver la politique de confidentialit\u00e9 de chacun des partenaires publicitaires d'OxyNitra.<\/p>\n\n\n\n<p>Les serveurs publicitaires tiers ou les r\u00e9seaux publicitaires utilisent des technologies telles que les cookies, le JavaScript ou les balises Web qui sont utilis\u00e9es dans leurs publicit\u00e9s et liens respectifs qui apparaissent sur OxyNitra et qui sont envoy\u00e9s directement au navigateur de l'utilisateur. Ils re\u00e7oivent automatiquement votre adresse IP lorsque cela se produit. Ces technologies sont utilis\u00e9es pour mesurer l'efficacit\u00e9 de leurs campagnes publicitaires et\/ou pour personnaliser le contenu publicitaire que vous voyez sur les sites Web que vous visitez.<\/p>\n\n\n\n<p>OxyNitra n'a aucun acc\u00e8s ou contr\u00f4le sur ces cookies utilis\u00e9s par des annonceurs tiers.<\/p>\n\n\n\n<h2 class=\"wp-block-heading\">Politiques de confidentialit\u00e9 des tiers<\/h2>\n\n\n\n<p>La politique de confidentialit\u00e9 d'OxyNitra ne s'applique pas aux autres annonceurs ou sites web. Nous vous conseillons donc de consulter les politiques de confidentialit\u00e9 respectives de ces serveurs publicitaires tiers pour obtenir des informations plus d\u00e9taill\u00e9es. Elles peuvent inclure leurs pratiques et des instructions sur la mani\u00e8re de refuser certaines options.<\/p>\n\n\n\n<p>Vous pouvez choisir de d\u00e9sactiver les cookies par le biais des options de votre navigateur. Pour obtenir des informations plus d\u00e9taill\u00e9es sur la gestion des cookies avec des navigateurs web sp\u00e9cifiques, vous pouvez consulter les sites web respectifs de ces navigateurs. Que sont les cookies ?<\/p>\n\n\n\n<h2 class=\"wp-block-heading\">Informations pour les enfants<\/h2>\n\n\n\n<p>Une autre de nos priorit\u00e9s est de renforcer la protection des enfants lorsqu'ils utilisent l'internet. Nous encourageons les parents et les tuteurs \u00e0 observer leurs activit\u00e9s en ligne, \u00e0 y participer et\/ou \u00e0 les surveiller et \u00e0 les guider.<\/p>\n\n\n\n<p>Si vous pensez que votre enfant a fourni ce type d'informations sur notre site Web, nous vous encourageons vivement \u00e0 nous contacter imm\u00e9diatement et nous ferons tout notre possible pour supprimer rapidement ces informations de nos dossiers.<\/p>\n\n\n\n<h2 class=\"wp-block-heading\">Politique de confidentialit\u00e9 en ligne uniquement<\/h2>\n\n\n\n<p>Cette politique de confidentialit\u00e9 ne s'applique qu'\u00e0 nos activit\u00e9s en ligne et est valable pour les visiteurs de notre site web en ce qui concerne les informations qu'ils partagent et\/ou collectent sur OxyNitra. Cette politique ne s'applique pas aux informations collect\u00e9es hors ligne ou via d'autres canaux que ce site web.<\/p>\n\n\n\n<h2 class=\"wp-block-heading\">Consentement<\/h2>\n\n\n\n<p>En utilisant notre site web, vous consentez par la pr\u00e9sente \u00e0 notre politique de confidentialit\u00e9 et acceptez ses conditions g\u00e9n\u00e9rales.<\/p>","protected":false},"excerpt":{"rendered":"<p>Politique de confidentialit\u00e9 d'OxyNitra Chez OxyNitra, accessible \u00e0 partir de oxynitra.com, l'une de nos principales priorit\u00e9s est la protection de la vie priv\u00e9e de nos visiteurs. Ce document de politique de confidentialit\u00e9 contient les types d'informations collect\u00e9es et enregistr\u00e9es par OxyNitra et la mani\u00e8re dont nous les utilisons. Si vous avez d'autres questions ou si vous souhaitez obtenir plus d'informations sur notre politique de confidentialit\u00e9, n'h\u00e9sitez pas \u00e0 [...]<\/p>","protected":false},"author":1,"featured_media":0,"parent":0,"menu_order":0,"comment_status":"closed","ping_status":"closed","template":"","meta":{"site-sidebar-layout":"default","site-content-layout":"","ast-site-content-layout":"default","site-content-style":"default","site-sidebar-style":"default","ast-global-header-display":"","ast-banner-title-visibility":"","ast-main-header-display":"","ast-hfb-above-header-display":"","ast-hfb-below-header-display":"","ast-hfb-mobile-header-display":"","site-post-title":"disabled","ast-breadcrumbs-content":"","ast-featured-img":"","footer-sml-layout":"","ast-disable-related-posts":"","theme-transparent-header-meta":"","adv-header-id-meta":"","stick-header-meta":"","header-above-stick-meta":"","header-main-stick-meta":"","header-below-stick-meta":"","astra-migrate-meta-layouts":"set","ast-page-background-enabled":"default","ast-page-background-meta":{"desktop":{"background-color":"var(--ast-global-color-4)","background-image":"","background-repeat":"repeat","background-position":"center center","background-size":"auto","background-attachment":"scroll","background-type":"","background-media":"","overlay-type":"","overlay-color":"","overlay-opacity":"","overlay-gradient":""},"tablet":{"background-color":"","background-image":"","background-repeat":"repeat","background-position":"center center","background-size":"auto","background-attachment":"scroll","background-type":"","background-media":"","overlay-type":"","overlay-color":"","overlay-opacity":"","overlay-gradient":""},"mobile":{"background-color":"","background-image":"","background-repeat":"repeat","background-position":"center center","background-size":"auto","background-attachment":"scroll","background-type":"","background-media":"","overlay-type":"","overlay-color":"","overlay-opacity":"","overlay-gradient":""}},"ast-content-background-meta":{"desktop":{"background-color":"var(--ast-global-color-5)","background-image":"","background-repeat":"repeat","background-position":"center center","background-size":"auto","background-attachment":"scroll","background-type":"","background-media":"","overlay-type":"","overlay-color":"","overlay-opacity":"","overlay-gradient":""},"tablet":{"background-color":"var(--ast-global-color-5)","background-image":"","background-repeat":"repeat","background-position":"center center","background-size":"auto","background-attachment":"scroll","background-type":"","background-media":"","overlay-type":"","overlay-color":"","overlay-opacity":"","overlay-gradient":""},"mobile":{"background-color":"var(--ast-global-color-5)","background-image":"","background-repeat":"repeat","background-position":"center center","background-size":"auto","background-attachment":"scroll","background-type":"","background-media":"","overlay-type":"","overlay-color":"","overlay-opacity":"","overlay-gradient":""}},"footnotes":""},"class_list":["post-1205","page","type-page","status-publish","hentry"],"_links":{"self":[{"href":"https:\/\/oxynitra.com\/fr\/wp-json\/wp\/v2\/pages\/1205","targetHints":{"allow":["GET"]}}],"collection":[{"href":"https:\/\/oxynitra.com\/fr\/wp-json\/wp\/v2\/pages"}],"about":[{"href":"https:\/\/oxynitra.com\/fr\/wp-json\/wp\/v2\/types\/page"}],"author":[{"embeddable":true,"href":"https:\/\/oxynitra.com\/fr\/wp-json\/wp\/v2\/users\/1"}],"replies":[{"embeddable":true,"href":"https:\/\/oxynitra.com\/fr\/wp-json\/wp\/v2\/comments?post=1205"}],"version-history":[{"count":0,"href":"https:\/\/oxynitra.com\/fr\/wp-json\/wp\/v2\/pages\/1205\/revisions"}],"wp:attachment":[{"href":"https:\/\/oxynitra.com\/fr\/wp-json\/wp\/v2\/media?parent=1205"}],"curies":[{"name":"wp","href":"https:\/\/api.w.org\/{rel}","templated":true}]}}