{"id":852,"date":"2023-08-11T14:30:35","date_gmt":"2023-08-11T06:30:35","guid":{"rendered":"https:\/\/oxynitra.com\/?page_id=852"},"modified":"2023-10-22T19:17:33","modified_gmt":"2023-10-22T11:17:33","slug":"99-5-high-purity-oxygen-generator","status":"publish","type":"page","link":"https:\/\/oxynitra.com\/fr\/99-5-generateur-doxygene-de-grande-purete\/","title":{"rendered":"99.5% G\u00e9n\u00e9rateur d'oxyg\u00e8ne haute puret\u00e9"},"content":{"rendered":"<div data-elementor-type=\"wp-page\" data-elementor-id=\"852\" class=\"elementor elementor-852\" data-elementor-post-type=\"page\">\n\t\t\t\t<div class=\"elementor-element elementor-element-994c12f e-flex e-con-boxed e-con e-parent\" data-id=\"994c12f\" data-element_type=\"container\" data-e-type=\"container\" data-settings=\"{&quot;background_background&quot;:&quot;classic&quot;}\">\n\t\t\t\t\t<div class=\"e-con-inner\">\n\t\t<div class=\"elementor-element elementor-element-7b5dd41 e-con-full e-flex e-con e-child\" data-id=\"7b5dd41\" data-element_type=\"container\" data-e-type=\"container\">\n\t\t\t\t<div class=\"elementor-element elementor-element-bd89d57 elementor-widget elementor-widget-shortcode\" data-id=\"bd89d57\" data-element_type=\"widget\" data-e-type=\"widget\" data-widget_type=\"shortcode.default\">\n\t\t\t\t<div class=\"elementor-widget-container\">\n\t\t\t\t\t\t\t<div class=\"elementor-shortcode\"><div class=\"ast-breadcrumbs-wrapper\">\n\t\t\t<div class=\"ast-breadcrumbs-inner\"><nav role=\"navigation\" aria-label=\"Chapelure\" class=\"breadcrumb-trail breadcrumbs\" ><div class=\"ast-breadcrumbs\"><ul class=\"trail-items\" ><li  class=\"trail-item trail-end\"><span><a href=\"https:\/\/oxynitra.com\/fr\/\" rel=\"home\"><span >Accueil<\/span><\/a><\/span><\/li><\/ul><\/div><\/nav><\/div>\n\t\t<\/div><\/div>\n\t\t\t\t\t\t<\/div>\n\t\t\t\t<\/div>\n\t\t\t\t<div class=\"elementor-element elementor-element-acc4cb6 elementor-widget elementor-widget-heading\" data-id=\"acc4cb6\" data-element_type=\"widget\" data-e-type=\"widget\" data-settings=\"{&quot;_animation&quot;:&quot;none&quot;}\" data-widget_type=\"heading.default\">\n\t\t\t\t<div class=\"elementor-widget-container\">\n\t\t\t\t\t<h1 class=\"elementor-heading-title elementor-size-default\">99.5% G\u00e9n\u00e9rateur d'oxyg\u00e8ne haute puret\u00e9<\/h1>\t\t\t\t<\/div>\n\t\t\t\t<\/div>\n\t\t\t\t<div class=\"elementor-element elementor-element-60f1670 elementor-widget elementor-widget-heading\" data-id=\"60f1670\" data-element_type=\"widget\" data-e-type=\"widget\" data-widget_type=\"heading.default\">\n\t\t\t\t<div class=\"elementor-widget-container\">\n\t\t\t\t\t<h2 class=\"elementor-heading-title elementor-size-default\">Oxyg\u00e8ne de tr\u00e8s haute puret\u00e9, con\u00e7u sur mesure et fourni sur site<\/h2>\t\t\t\t<\/div>\n\t\t\t\t<\/div>\n\t\t\t\t<div class=\"elementor-element elementor-element-aa5260c elementor-widget elementor-widget-text-editor\" data-id=\"aa5260c\" data-element_type=\"widget\" data-e-type=\"widget\" data-widget_type=\"text-editor.default\">\n\t\t\t\t<div class=\"elementor-widget-container\">\n\t\t\t\t\t\t\t\t\t<p>Le g\u00e9n\u00e9rateur d'oxyg\u00e8ne ultra haute puret\u00e9 OxyNitra utilise la technologie PSA \u00e0 plusieurs \u00e9tapes pour g\u00e9n\u00e9rer de mani\u00e8re fiable de l'oxyg\u00e8ne pur \u00e0 99,5% sans traces de contaminants.<\/p><p>Id\u00e9al pour les h\u00f4pitaux et les centres de soins qui ont besoin d'oxyg\u00e8ne de tr\u00e8s haute puret\u00e9.<\/p>\t\t\t\t\t\t\t\t<\/div>\n\t\t\t\t<\/div>\n\t\t\t\t<div class=\"elementor-element elementor-element-e492057 elementor-align-center elementor-widget elementor-widget-button\" data-id=\"e492057\" data-element_type=\"widget\" data-e-type=\"widget\" data-widget_type=\"button.default\">\n\t\t\t\t<div class=\"elementor-widget-container\">\n\t\t\t\t\t\t\t\t\t<div class=\"elementor-button-wrapper\">\n\t\t\t\t\t<a class=\"elementor-button elementor-button-link elementor-size-sm\" href=\"#elementor-action:action=popup:open&settings=eyJpZCI6IjExMzkiLCJ0b2dnbGUiOmZhbHNlfQ==\">\n\t\t\t\t\t\t<span class=\"elementor-button-content-wrapper\">\n\t\t\t\t\t\t\t\t\t<span class=\"elementor-button-text\">Demande de devis<\/span>\n\t\t\t\t\t<\/span>\n\t\t\t\t\t<\/a>\n\t\t\t\t<\/div>\n\t\t\t\t\t\t\t\t<\/div>\n\t\t\t\t<\/div>\n\t\t\t\t<\/div>\n\t\t<div class=\"elementor-element elementor-element-5383f8f e-con-full e-flex e-con e-child\" data-id=\"5383f8f\" data-element_type=\"container\" data-e-type=\"container\">\n\t\t\t\t<div class=\"elementor-element elementor-element-c3c73e2 elementor-widget elementor-widget-image\" data-id=\"c3c73e2\" data-element_type=\"widget\" data-e-type=\"widget\" data-widget_type=\"image.default\">\n\t\t\t\t<div class=\"elementor-widget-container\">\n\t\t\t\t\t\t\t\t\t\t\t\t\t\t\t<img fetchpriority=\"high\" decoding=\"async\" width=\"1150\" height=\"600\" src=\"https:\/\/oxynitra.com\/wp-content\/uploads\/2023\/08\/99.5-High-Purity-Oxygen-Generator.jpg\" class=\"attachment-full size-full wp-image-1069\" alt=\"99.5% G\u00e9n\u00e9rateur d&#039;oxyg\u00e8ne haute puret\u00e9\" srcset=\"https:\/\/oxynitra.com\/wp-content\/uploads\/2023\/08\/99.5-High-Purity-Oxygen-Generator.jpg 1150w, https:\/\/oxynitra.com\/wp-content\/uploads\/2023\/08\/99.5-High-Purity-Oxygen-Generator-300x157.jpg.webp 300w, https:\/\/oxynitra.com\/wp-content\/uploads\/2023\/08\/99.5-High-Purity-Oxygen-Generator-1024x534.jpg.webp 1024w, https:\/\/oxynitra.com\/wp-content\/uploads\/2023\/08\/99.5-High-Purity-Oxygen-Generator-768x401.jpg.webp 768w\" sizes=\"(max-width: 1150px) 100vw, 1150px\" \/>\t\t\t\t\t\t\t\t\t\t\t\t\t\t\t<\/div>\n\t\t\t\t<\/div>\n\t\t\t\t<div class=\"elementor-element elementor-element-6b8cd32 elementor-icon-list--layout-traditional elementor-list-item-link-full_width elementor-widget elementor-widget-icon-list\" data-id=\"6b8cd32\" data-element_type=\"widget\" data-e-type=\"widget\" data-widget_type=\"icon-list.default\">\n\t\t\t\t<div class=\"elementor-widget-container\">\n\t\t\t\t\t\t\t<ul class=\"elementor-icon-list-items\">\n\t\t\t\t\t\t\t<li class=\"elementor-icon-list-item\">\n\t\t\t\t\t\t\t\t\t\t\t<span class=\"elementor-icon-list-icon\">\n\t\t\t\t\t\t\t<svg aria-hidden=\"true\" class=\"e-font-icon-svg e-fas-check-circle\" viewbox=\"0 0 512 512\" xmlns=\"http:\/\/www.w3.org\/2000\/svg\"><path d=\"M504 256c0 136.967-111.033 248-248 248S8 392.967 8 256 119.033 8 256 8s248 111.033 248 248zM227.314 387.314l184-184c6.248-6.248 6.248-16.379 0-22.627l-22.627-22.627c-6.248-6.249-16.379-6.249-22.628 0L216 308.118l-70.059-70.059c-6.248-6.248-16.379-6.248-22.628 0l-22.627 22.627c-6.248 6.248-6.248 16.379 0 22.627l104 104c6.249 6.249 16.379 6.249 22.628.001z\"><\/path><\/svg>\t\t\t\t\t\t<\/span>\n\t\t\t\t\t\t\t\t\t\t<span class=\"elementor-icon-list-text\">D\u00e9bit d'oxyg\u00e8ne : 1~1,000Nm3\/hr<\/span>\n\t\t\t\t\t\t\t\t\t<\/li>\n\t\t\t\t\t\t\t\t<li class=\"elementor-icon-list-item\">\n\t\t\t\t\t\t\t\t\t\t\t<span class=\"elementor-icon-list-icon\">\n\t\t\t\t\t\t\t<svg aria-hidden=\"true\" class=\"e-font-icon-svg e-fas-check-circle\" viewbox=\"0 0 512 512\" xmlns=\"http:\/\/www.w3.org\/2000\/svg\"><path d=\"M504 256c0 136.967-111.033 248-248 248S8 392.967 8 256 119.033 8 256 8s248 111.033 248 248zM227.314 387.314l184-184c6.248-6.248 6.248-16.379 0-22.627l-22.627-22.627c-6.248-6.249-16.379-6.249-22.628 0L216 308.118l-70.059-70.059c-6.248-6.248-16.379-6.248-22.628 0l-22.627 22.627c-6.248 6.248-6.248 16.379 0 22.627l104 104c6.249 6.249 16.379 6.249 22.628.001z\"><\/path><\/svg>\t\t\t\t\t\t<\/span>\n\t\t\t\t\t\t\t\t\t\t<span class=\"elementor-icon-list-text\">Puret\u00e9 de l'oxyg\u00e8ne : 80~99,5%<\/span>\n\t\t\t\t\t\t\t\t\t<\/li>\n\t\t\t\t\t\t\t\t<li class=\"elementor-icon-list-item\">\n\t\t\t\t\t\t\t\t\t\t\t<span class=\"elementor-icon-list-icon\">\n\t\t\t\t\t\t\t<svg aria-hidden=\"true\" class=\"e-font-icon-svg e-fas-check-circle\" viewbox=\"0 0 512 512\" xmlns=\"http:\/\/www.w3.org\/2000\/svg\"><path d=\"M504 256c0 136.967-111.033 248-248 248S8 392.967 8 256 119.033 8 256 8s248 111.033 248 248zM227.314 387.314l184-184c6.248-6.248 6.248-16.379 0-22.627l-22.627-22.627c-6.248-6.249-16.379-6.249-22.628 0L216 308.118l-70.059-70.059c-6.248-6.248-16.379-6.248-22.628 0l-22.627 22.627c-6.248 6.248-6.248 16.379 0 22.627l104 104c6.249 6.249 16.379 6.249 22.628.001z\"><\/path><\/svg>\t\t\t\t\t\t<\/span>\n\t\t\t\t\t\t\t\t\t\t<span class=\"elementor-icon-list-text\">Pression d'oxyg\u00e8ne : 0,5Mpa~1,0Mpa<\/span>\n\t\t\t\t\t\t\t\t\t<\/li>\n\t\t\t\t\t\t\t\t<li class=\"elementor-icon-list-item\">\n\t\t\t\t\t\t\t\t\t\t\t<span class=\"elementor-icon-list-icon\">\n\t\t\t\t\t\t\t<svg aria-hidden=\"true\" class=\"e-font-icon-svg e-fas-check-circle\" viewbox=\"0 0 512 512\" xmlns=\"http:\/\/www.w3.org\/2000\/svg\"><path d=\"M504 256c0 136.967-111.033 248-248 248S8 392.967 8 256 119.033 8 256 8s248 111.033 248 248zM227.314 387.314l184-184c6.248-6.248 6.248-16.379 0-22.627l-22.627-22.627c-6.248-6.249-16.379-6.249-22.628 0L216 308.118l-70.059-70.059c-6.248-6.248-16.379-6.248-22.628 0l-22.627 22.627c-6.248 6.248-6.248 16.379 0 22.627l104 104c6.249 6.249 16.379 6.249 22.628.001z\"><\/path><\/svg>\t\t\t\t\t\t<\/span>\n\t\t\t\t\t\t\t\t\t\t<span class=\"elementor-icon-list-text\">Point de ros\u00e9e de l'oxyg\u00e8ne : -70 \u00b0C~-45 \u00b0C<\/span>\n\t\t\t\t\t\t\t\t\t<\/li>\n\t\t\t\t\t\t<\/ul>\n\t\t\t\t\t\t<\/div>\n\t\t\t\t<\/div>\n\t\t\t\t<\/div>\n\t\t\t\t\t<\/div>\n\t\t\t\t<\/div>\n\t\t<div class=\"elementor-element elementor-element-7ab819a6 e-flex e-con-boxed e-con e-parent\" data-id=\"7ab819a6\" data-element_type=\"container\" data-e-type=\"container\" data-settings=\"{&quot;background_background&quot;:&quot;classic&quot;}\">\n\t\t\t\t\t<div class=\"e-con-inner\">\n\t\t<div class=\"elementor-element elementor-element-1768fc6f e-flex e-con-boxed e-con e-child\" data-id=\"1768fc6f\" data-element_type=\"container\" data-e-type=\"container\">\n\t\t\t\t\t<div class=\"e-con-inner\">\n\t\t\t\t<div class=\"elementor-element elementor-element-5b8bd741 elementor-invisible elementor-widget elementor-widget-heading\" data-id=\"5b8bd741\" data-element_type=\"widget\" data-e-type=\"widget\" data-settings=\"{&quot;_animation&quot;:&quot;fadeInUp&quot;}\" data-widget_type=\"heading.default\">\n\t\t\t\t<div class=\"elementor-widget-container\">\n\t\t\t\t\t<h2 class=\"elementor-heading-title elementor-size-default\">Histoire du g\u00e9n\u00e9rateur d'oxyg\u00e8ne de haute puret\u00e9 OxyNitra 99.5%<\/h2>\t\t\t\t<\/div>\n\t\t\t\t<\/div>\n\t\t\t\t\t<\/div>\n\t\t\t\t<\/div>\n\t\t<div class=\"elementor-element elementor-element-5b1da031 e-flex e-con-boxed e-con e-child\" data-id=\"5b1da031\" data-element_type=\"container\" data-e-type=\"container\">\n\t\t\t\t\t<div class=\"e-con-inner\">\n\t\t\t\t<div class=\"elementor-element elementor-element-a8017a0 elementor-widget elementor-widget-text-editor\" data-id=\"a8017a0\" data-element_type=\"widget\" data-e-type=\"widget\" data-widget_type=\"text-editor.default\">\n\t\t\t\t<div class=\"elementor-widget-container\">\n\t\t\t\t\t\t\t\t\t<p><strong>Les limites de la production conventionnelle d'oxyg\u00e8ne.<\/strong><\/p><p>La technologie conventionnelle d'adsorption modul\u00e9e en pression (AMP) pour la production d'oxyg\u00e8ne pr\u00e9sente une limitation inh\u00e9rente. Les tamis mol\u00e9culaires utilis\u00e9s ne peuvent pas s\u00e9parer correctement l'argon de l'oxyg\u00e8ne, ce qui limite la puret\u00e9 \u00e0 95,7% dans le meilleur des cas. Par cons\u00e9quent, les g\u00e9n\u00e9rateurs d'oxyg\u00e8ne PSA n'ont atteint qu'une puret\u00e9 de 93\u00b12%.<\/p>\t\t\t\t\t\t\t\t<\/div>\n\t\t\t\t<\/div>\n\t\t\t\t<div class=\"elementor-element elementor-element-330a75c elementor-widget elementor-widget-image\" data-id=\"330a75c\" data-element_type=\"widget\" data-e-type=\"widget\" data-widget_type=\"image.default\">\n\t\t\t\t<div class=\"elementor-widget-container\">\n\t\t\t\t\t\t\t\t\t\t\t\t\t\t\t<img decoding=\"async\" width=\"960\" height=\"347\" src=\"https:\/\/oxynitra.com\/wp-content\/uploads\/2023\/08\/High-Purity-Oxygen-Generator-Workflow.jpg\" class=\"attachment-full size-full wp-image-735\" alt=\"Flux de travail du g\u00e9n\u00e9rateur d&#039;oxyg\u00e8ne de haute puret\u00e9\" srcset=\"https:\/\/oxynitra.com\/wp-content\/uploads\/2023\/08\/High-Purity-Oxygen-Generator-Workflow.jpg.webp 960w, https:\/\/oxynitra.com\/wp-content\/uploads\/2023\/08\/High-Purity-Oxygen-Generator-Workflow-300x108.jpg.webp 300w, https:\/\/oxynitra.com\/wp-content\/uploads\/2023\/08\/High-Purity-Oxygen-Generator-Workflow-768x278.jpg.webp 768w\" sizes=\"(max-width: 960px) 100vw, 960px\" \/>\t\t\t\t\t\t\t\t\t\t\t\t\t\t\t<\/div>\n\t\t\t\t<\/div>\n\t\t\t\t<div class=\"elementor-element elementor-element-a6a9351 elementor-widget elementor-widget-text-editor\" data-id=\"a6a9351\" data-element_type=\"widget\" data-e-type=\"widget\" data-widget_type=\"text-editor.default\">\n\t\t\t\t<div class=\"elementor-widget-container\">\n\t\t\t\t\t\t\t\t\t<p class=\"whitespace-pre-wrap\"><strong>Repousser les limites de la technologie PSA<\/strong><\/p><p class=\"whitespace-pre-wrap\">L'\u00e9quipe d'OxyNitra a surmont\u00e9 les obstacles techniques qui limitaient auparavant la puret\u00e9 de l'oxyg\u00e8ne PSA. Gr\u00e2ce \u00e0 des travaux de recherche et de d\u00e9veloppement approfondis men\u00e9s sur plusieurs d\u00e9cennies, nous avons mis au point une solution qui va \u00e0 l'encontre des id\u00e9es re\u00e7ues. Nos syst\u00e8mes PSA peuvent produire de l'oxyg\u00e8ne d'une puret\u00e9 allant jusqu'\u00e0 99,51 TTP3T, renversant ainsi la croyance de l'industrie selon laquelle le PSA n'\u00e9tait pas en mesure d'atteindre ces niveaux.<\/p><p class=\"whitespace-pre-wrap\"><strong>\u00c9tablir de nouvelles normes en mati\u00e8re de qualit\u00e9 de l'oxyg\u00e8ne<\/strong><\/p><p class=\"whitespace-pre-wrap\">OxyNitra est un pionnier de la production d'oxyg\u00e8ne de haute puret\u00e9. Nos g\u00e9n\u00e9rateurs produisent de l'oxyg\u00e8ne de qualit\u00e9 m\u00e9dicale et a\u00e9ronautique qui r\u00e9pond aux normes de qualit\u00e9 les plus strictes. Ceci a \u00e9t\u00e9 v\u00e9rifi\u00e9 par des tests effectu\u00e9s par des organisations ind\u00e9pendantes faisant autorit\u00e9. Nous sommes fiers d'avoir r\u00e9solu ce d\u00e9fi technique de longue date et d'offrir un produit de qualit\u00e9 sup\u00e9rieure.<\/p>\t\t\t\t\t\t\t\t<\/div>\n\t\t\t\t<\/div>\n\t\t\t\t\t<\/div>\n\t\t\t\t<\/div>\n\t\t\t\t\t<\/div>\n\t\t\t\t<\/div>\n\t\t<div class=\"elementor-element elementor-element-3a65e1e e-flex e-con-boxed e-con e-parent\" data-id=\"3a65e1e\" data-element_type=\"container\" data-e-type=\"container\" data-settings=\"{&quot;background_background&quot;:&quot;classic&quot;}\">\n\t\t\t\t\t<div class=\"e-con-inner\">\n\t\t<div class=\"elementor-element elementor-element-6455628 e-con-full e-flex e-con e-child\" data-id=\"6455628\" data-element_type=\"container\" data-e-type=\"container\">\n\t\t\t\t<div class=\"elementor-element elementor-element-0d819ca elementor-widget elementor-widget-heading\" data-id=\"0d819ca\" data-element_type=\"widget\" data-e-type=\"widget\" data-widget_type=\"heading.default\">\n\t\t\t\t<div class=\"elementor-widget-container\">\n\t\t\t\t\t<h2 class=\"elementor-heading-title elementor-size-default\">Contactez-nous pour obtenir des conseils d'experts<\/h2>\t\t\t\t<\/div>\n\t\t\t\t<\/div>\n\t\t\t\t<div class=\"elementor-element elementor-element-875f6fd elementor-widget__width-initial elementor-widget elementor-widget-text-editor\" data-id=\"875f6fd\" data-element_type=\"widget\" data-e-type=\"widget\" data-widget_type=\"text-editor.default\">\n\t\t\t\t<div class=\"elementor-widget-container\">\n\t\t\t\t\t\t\t\t\t<p>Contactez nos experts en production d'oxyg\u00e8ne pour discuter des exigences sp\u00e9cifiques de votre projet. Nous nous ferons un plaisir de r\u00e9pondre \u00e0 vos questions et de vous faire des recommandations.<\/p>\t\t\t\t\t\t\t\t<\/div>\n\t\t\t\t<\/div>\n\t\t\t\t<div class=\"elementor-element elementor-element-1b71832 elementor-align-center elementor-widget elementor-widget-button\" data-id=\"1b71832\" data-element_type=\"widget\" data-e-type=\"widget\" data-widget_type=\"button.default\">\n\t\t\t\t<div class=\"elementor-widget-container\">\n\t\t\t\t\t\t\t\t\t<div class=\"elementor-button-wrapper\">\n\t\t\t\t\t<a class=\"elementor-button elementor-button-link elementor-size-sm\" href=\"#elementor-action:action=popup:open&settings=eyJpZCI6IjExMzkiLCJ0b2dnbGUiOmZhbHNlfQ==\">\n\t\t\t\t\t\t<span class=\"elementor-button-content-wrapper\">\n\t\t\t\t\t\t\t\t\t<span class=\"elementor-button-text\">Prendre contact<\/span>\n\t\t\t\t\t<\/span>\n\t\t\t\t\t<\/a>\n\t\t\t\t<\/div>\n\t\t\t\t\t\t\t\t<\/div>\n\t\t\t\t<\/div>\n\t\t\t\t<\/div>\n\t\t\t\t\t<\/div>\n\t\t\t\t<\/div>\n\t\t\t\t<\/div>","protected":false},"excerpt":{"rendered":"<p>G\u00e9n\u00e9rateur d'oxyg\u00e8ne de haute puret\u00e9 99.5% Oxyg\u00e8ne de tr\u00e8s haute puret\u00e9, con\u00e7u sur mesure et fourni sur site Le g\u00e9n\u00e9rateur d'oxyg\u00e8ne de tr\u00e8s haute puret\u00e9 OxyNitra utilise la technologie PSA \u00e0 plusieurs \u00e9tapes pour g\u00e9n\u00e9rer de mani\u00e8re fiable de l'oxyg\u00e8ne pur 99.5% exempt de toute trace de contaminant. Id\u00e9al pour les h\u00f4pitaux et les centres de soins de sant\u00e9 qui ont besoin d'oxyg\u00e8ne de tr\u00e8s haute puret\u00e9. Demande de devis D\u00e9bit d'oxyg\u00e8ne : 1~1,000Nm3\/hr Puret\u00e9 de l'oxyg\u00e8ne : 80~99.5% Pression de l'oxyg\u00e8ne : 0.5Mpa~1.0Mpa Oxyg\u00e8ne [...]<\/p>","protected":false},"author":1,"featured_media":0,"parent":0,"menu_order":0,"comment_status":"closed","ping_status":"closed","template":"","meta":{"site-sidebar-layout":"no-sidebar","site-content-layout":"page-builder","ast-site-content-layout":"default","site-content-style":"default","site-sidebar-style":"default","ast-global-header-display":"","ast-banner-title-visibility":"","ast-main-header-display":"","ast-hfb-above-header-display":"","ast-hfb-below-header-display":"","ast-hfb-mobile-header-display":"","site-post-title":"disabled","ast-breadcrumbs-content":"","ast-featured-img":"disabled","footer-sml-layout":"","ast-disable-related-posts":"","theme-transparent-header-meta":"","adv-header-id-meta":"","stick-header-meta":"","header-above-stick-meta":"","header-main-stick-meta":"","header-below-stick-meta":"","astra-migrate-meta-layouts":"default","ast-page-background-enabled":"default","ast-page-background-meta":{"desktop":{"background-color":"var(--ast-global-color-4)","background-image":"","background-repeat":"repeat","background-position":"center center","background-size":"auto","background-attachment":"scroll","background-type":"","background-media":"","overlay-type":"","overlay-color":"","overlay-opacity":"","overlay-gradient":""},"tablet":{"background-color":"","background-image":"","background-repeat":"repeat","background-position":"center center","background-size":"auto","background-attachment":"scroll","background-type":"","background-media":"","overlay-type":"","overlay-color":"","overlay-opacity":"","overlay-gradient":""},"mobile":{"background-color":"","background-image":"","background-repeat":"repeat","background-position":"center center","background-size":"auto","background-attachment":"scroll","background-type":"","background-media":"","overlay-type":"","overlay-color":"","overlay-opacity":"","overlay-gradient":""}},"ast-content-background-meta":{"desktop":{"background-color":"var(--ast-global-color-5)","background-image":"","background-repeat":"repeat","background-position":"center center","background-size":"auto","background-attachment":"scroll","background-type":"","background-media":"","overlay-type":"","overlay-color":"","overlay-opacity":"","overlay-gradient":""},"tablet":{"background-color":"var(--ast-global-color-5)","background-image":"","background-repeat":"repeat","background-position":"center center","background-size":"auto","background-attachment":"scroll","background-type":"","background-media":"","overlay-type":"","overlay-color":"","overlay-opacity":"","overlay-gradient":""},"mobile":{"background-color":"var(--ast-global-color-5)","background-image":"","background-repeat":"repeat","background-position":"center center","background-size":"auto","background-attachment":"scroll","background-type":"","background-media":"","overlay-type":"","overlay-color":"","overlay-opacity":"","overlay-gradient":""}},"footnotes":""},"class_list":["post-852","page","type-page","status-publish","hentry"],"_links":{"self":[{"href":"https:\/\/oxynitra.com\/fr\/wp-json\/wp\/v2\/pages\/852","targetHints":{"allow":["GET"]}}],"collection":[{"href":"https:\/\/oxynitra.com\/fr\/wp-json\/wp\/v2\/pages"}],"about":[{"href":"https:\/\/oxynitra.com\/fr\/wp-json\/wp\/v2\/types\/page"}],"author":[{"embeddable":true,"href":"https:\/\/oxynitra.com\/fr\/wp-json\/wp\/v2\/users\/1"}],"replies":[{"embeddable":true,"href":"https:\/\/oxynitra.com\/fr\/wp-json\/wp\/v2\/comments?post=852"}],"version-history":[{"count":0,"href":"https:\/\/oxynitra.com\/fr\/wp-json\/wp\/v2\/pages\/852\/revisions"}],"wp:attachment":[{"href":"https:\/\/oxynitra.com\/fr\/wp-json\/wp\/v2\/media?parent=852"}],"curies":[{"name":"wp","href":"https:\/\/api.w.org\/{rel}","templated":true}]}}