{"id":1200,"date":"2023-08-13T16:46:53","date_gmt":"2023-08-13T08:46:53","guid":{"rendered":"https:\/\/oxynitra.com\/?page_id=1200"},"modified":"2023-08-15T11:53:52","modified_gmt":"2023-08-15T03:53:52","slug":"terms-conditions","status":"publish","type":"page","link":"https:\/\/oxynitra.com\/pt\/termos-condicoes\/","title":{"rendered":"Termos e condi\u00e7\u00f5es"},"content":{"rendered":"<h1 class=\"wp-block-heading has-text-align-center\"><strong>Termos e condi\u00e7\u00f5es<\/strong><\/h1>\n\n\n\n<p>Bem-vindo \u00e0 OxyNitra!<\/p>\n\n\n\n<p>Estes termos e condi\u00e7\u00f5es descrevem as regras e regulamentos para o uso do site da OxyNitra, localizado em oxynitra.com.<\/p>\n\n\n\n<p>Ao acessar este site, presumimos que voc\u00ea aceita estes termos e condi\u00e7\u00f5es. N\u00e3o continue a usar a OxyNitra se n\u00e3o concordar com todos os termos e condi\u00e7\u00f5es estabelecidos nesta p\u00e1gina.<\/p>\n\n\n\n<p>A terminologia a seguir se aplica a estes Termos e Condi\u00e7\u00f5es, \u00e0 Declara\u00e7\u00e3o de Privacidade e ao Aviso de Isen\u00e7\u00e3o de Responsabilidade e a todos os Contratos: \"Cliente\", \"Voc\u00ea\" e \"Seu\" referem-se a voc\u00ea, a pessoa que faz login neste site e que est\u00e1 em conformidade com os termos e condi\u00e7\u00f5es da Empresa. \"A Empresa\", \"N\u00f3s mesmos\", \"N\u00f3s\", \"Nosso\" e \"N\u00f3s\" referem-se \u00e0 nossa Empresa. \"Parte\", \"Partes\" ou \"N\u00f3s\" referem-se tanto ao Cliente quanto a n\u00f3s mesmos. Todos os termos se referem \u00e0 oferta, aceita\u00e7\u00e3o e considera\u00e7\u00e3o do pagamento necess\u00e1rio para realizar o processo de nossa assist\u00eancia ao Cliente da maneira mais adequada para o prop\u00f3sito expresso de atender \u00e0s necessidades do Cliente com rela\u00e7\u00e3o \u00e0 presta\u00e7\u00e3o dos servi\u00e7os declarados da Empresa, de acordo com e sujeito \u00e0 legisla\u00e7\u00e3o vigente do Reino Unido. Qualquer uso da terminologia acima ou de outras palavras no singular, no plural, em letras mai\u00fasculas e\/ou ele\/ela ou eles, s\u00e3o considerados intercambi\u00e1veis e, portanto, referem-se ao mesmo.<\/p>\n\n\n\n<h3 class=\"wp-block-heading\"><strong>Cookies<\/strong><\/h3>\n\n\n\n<p>N\u00f3s utilizamos cookies. Ao acessar a OxyNitra, voc\u00ea concorda com o uso de cookies de acordo com a Pol\u00edtica de Privacidade da OxyNitra.<\/p>\n\n\n\n<p>A maioria dos sites interativos usa cookies para nos permitir recuperar os detalhes do usu\u00e1rio em cada visita. Os cookies s\u00e3o usados pelo nosso site para permitir a funcionalidade de determinadas \u00e1reas e facilitar a visita das pessoas ao nosso site. Alguns de nossos parceiros afiliados\/publicit\u00e1rios tamb\u00e9m podem usar cookies.<\/p>\n\n\n\n<h3 class=\"wp-block-heading\"><strong>Licen\u00e7a<\/strong><\/h3>\n\n\n\n<p>Salvo indica\u00e7\u00e3o em contr\u00e1rio, a OxyNitra e\/ou seus licenciadores det\u00eam os direitos de propriedade intelectual de todo o material da OxyNitra. Todos os direitos de propriedade intelectual s\u00e3o reservados. Voc\u00ea pode acessar este material da OxyNitra para seu pr\u00f3prio uso pessoal, sujeito \u00e0s restri\u00e7\u00f5es estabelecidas nestes termos e condi\u00e7\u00f5es.<\/p>\n\n\n\n<p>Voc\u00ea n\u00e3o deve:<\/p>\n\n\n\n<ul class=\"wp-block-list\">\n<li>Republica\u00e7\u00e3o de material da OxyNitra<\/li>\n\n\n\n<li>Vender, alugar ou sublicenciar material da OxyNitra<\/li>\n\n\n\n<li>Reproduzir, duplicar ou copiar material da OxyNitra<\/li>\n\n\n\n<li>Redistribuir conte\u00fado da OxyNitra<\/li>\n<\/ul>\n\n\n\n<p>Este Contrato ter\u00e1 in\u00edcio na data deste documento.<\/p>\n\n\n\n<p>Partes deste site oferecem uma oportunidade para que os usu\u00e1rios publiquem e troquem opini\u00f5es e informa\u00e7\u00f5es em determinadas \u00e1reas do site. A OxyNitra n\u00e3o filtra, edita, publica ou revisa os Coment\u00e1rios antes de sua presen\u00e7a no site. Os coment\u00e1rios n\u00e3o refletem os pontos de vista e opini\u00f5es da OxyNitra, seus agentes e\/ou afiliados. Os coment\u00e1rios refletem os pontos de vista e as opini\u00f5es da pessoa que os publicou. Na medida do permitido pelas leis aplic\u00e1veis, a OxyNitra n\u00e3o ser\u00e1 respons\u00e1vel pelos Coment\u00e1rios ou por qualquer responsabilidade, danos ou despesas causados e\/ou sofridos como resultado de qualquer uso e\/ou publica\u00e7\u00e3o e\/ou aparecimento dos Coment\u00e1rios neste site.<\/p>\n\n\n\n<p>A OxyNitra se reserva o direito de monitorar todos os Coment\u00e1rios e de remover quaisquer Coment\u00e1rios que possam ser considerados inadequados, ofensivos ou que causem viola\u00e7\u00e3o destes Termos e Condi\u00e7\u00f5es.<\/p>\n\n\n\n<p>Voc\u00ea garante e declara que:<\/p>\n\n\n\n<ul class=\"wp-block-list\">\n<li>Voc\u00ea tem o direito de publicar os Coment\u00e1rios em nosso site e possui todas as licen\u00e7as e consentimentos necess\u00e1rios para faz\u00ea-lo;<\/li>\n\n\n\n<li>Os Coment\u00e1rios n\u00e3o violam nenhum direito de propriedade intelectual, incluindo, sem limita\u00e7\u00e3o, direitos autorais, patentes ou marcas registradas de terceiros;<\/li>\n\n\n\n<li>Os Coment\u00e1rios n\u00e3o cont\u00eam nenhum material difamat\u00f3rio, calunioso, ofensivo, indecente ou de outra forma ilegal que seja uma invas\u00e3o de privacidade<\/li>\n\n\n\n<li>Os Coment\u00e1rios n\u00e3o ser\u00e3o usados para solicitar ou promover neg\u00f3cios ou costumes ou apresentar atividades comerciais ou atividades ilegais.<\/li>\n<\/ul>\n\n\n\n<p>Por meio deste instrumento, voc\u00ea concede \u00e0 OxyNitra uma licen\u00e7a n\u00e3o exclusiva para usar, reproduzir, editar e autorizar terceiros a usar, reproduzir e editar quaisquer de seus Coment\u00e1rios em toda e qualquer forma, formato ou m\u00eddia.<\/p>\n\n\n\n<h3 class=\"wp-block-heading\"><strong>Hiperlinks para nosso conte\u00fado<\/strong><\/h3>\n\n\n\n<p>As seguintes organiza\u00e7\u00f5es podem se vincular ao nosso site sem aprova\u00e7\u00e3o pr\u00e9via por escrito:<\/p>\n\n\n\n<ul class=\"wp-block-list\">\n<li>\u00d3rg\u00e3os governamentais;<\/li>\n\n\n\n<li>Mecanismos de pesquisa;<\/li>\n\n\n\n<li>Organiza\u00e7\u00f5es de not\u00edcias;<\/li>\n\n\n\n<li>Os distribuidores de diret\u00f3rios on-line podem criar links para o nosso site da mesma forma que criam hiperlinks para os sites de outras empresas listadas; e<\/li>\n\n\n\n<li>Empresas credenciadas em todo o sistema, exceto organiza\u00e7\u00f5es sem fins lucrativos solicitantes, shopping centers beneficentes e grupos de arrecada\u00e7\u00e3o de fundos beneficentes, que n\u00e3o podem criar hiperlinks para o nosso site.<\/li>\n<\/ul>\n\n\n\n<p>Essas organiza\u00e7\u00f5es podem criar links para nossa p\u00e1gina inicial, para publica\u00e7\u00f5es ou para outras informa\u00e7\u00f5es do site, desde que o link: (a) n\u00e3o seja, de forma alguma, enganoso; (b) n\u00e3o implique falsamente em patroc\u00ednio, endosso ou aprova\u00e7\u00e3o da parte que est\u00e1 criando o link e de seus produtos e\/ou servi\u00e7os; e (c) se encaixe no contexto do site da parte que est\u00e1 criando o link.<\/p>\n\n\n\n<p>Podemos considerar e aprovar outras solicita\u00e7\u00f5es de links dos seguintes tipos de organiza\u00e7\u00f5es:<\/p>\n\n\n\n<ul class=\"wp-block-list\">\n<li>fontes de informa\u00e7\u00e3o comumente conhecidas de consumidores e\/ou empresas;<\/li>\n\n\n\n<li>sites de comunidades ponto.com;<\/li>\n\n\n\n<li>associa\u00e7\u00f5es ou outros grupos que representam institui\u00e7\u00f5es de caridade;<\/li>\n\n\n\n<li>distribuidores de diret\u00f3rios on-line;<\/li>\n\n\n\n<li>portais de internet;<\/li>\n\n\n\n<li>empresas de contabilidade, advocacia e consultoria; e<\/li>\n\n\n\n<li>institui\u00e7\u00f5es educacionais e associa\u00e7\u00f5es comerciais.<\/li>\n<\/ul>\n\n\n\n<p>Aprovaremos as solicita\u00e7\u00f5es de links dessas organiza\u00e7\u00f5es se decidirmos que: (a) o link n\u00e3o nos faria parecer desfavor\u00e1veis para n\u00f3s mesmos ou para nossas empresas credenciadas; (b) a organiza\u00e7\u00e3o n\u00e3o tem nenhum registro negativo conosco; (c) o benef\u00edcio para n\u00f3s da visibilidade do hiperlink compensa a aus\u00eancia da OxyNitra; e (d) o link est\u00e1 no contexto de informa\u00e7\u00f5es gerais sobre recursos.<\/p>\n\n\n\n<p>Essas organiza\u00e7\u00f5es podem criar links para nossa p\u00e1gina inicial, desde que o link: (a) n\u00e3o seja, de forma alguma, enganoso; (b) n\u00e3o implique falsamente em patroc\u00ednio, endosso ou aprova\u00e7\u00e3o da parte que est\u00e1 criando o link e de seus produtos ou servi\u00e7os; e (c) se enquadre no contexto do site da parte que est\u00e1 criando o link.<\/p>\n\n\n\n<p>Se voc\u00ea for uma das organiza\u00e7\u00f5es listadas no par\u00e1grafo 2 acima e estiver interessado em criar um link para o nosso site, dever\u00e1 nos informar enviando um e-mail para a OxyNitra. Inclua seu nome, o nome da sua organiza\u00e7\u00e3o, informa\u00e7\u00f5es de contato, bem como o URL do seu site, uma lista de todos os URLs a partir dos quais pretende criar um link para o nosso site e uma lista dos URLs do nosso site para os quais gostaria de criar um link. Aguarde de 2 a 3 semanas por uma resposta.<\/p>\n\n\n\n<p>As organiza\u00e7\u00f5es aprovadas podem criar hiperlinks para o nosso site da seguinte forma:<\/p>\n\n\n\n<ul class=\"wp-block-list\">\n<li>Pelo uso de nosso nome corporativo; ou<\/li>\n\n\n\n<li>Pelo uso do localizador uniforme de recursos que est\u00e1 sendo vinculado; ou<\/li>\n\n\n\n<li>Pelo uso de qualquer outra descri\u00e7\u00e3o do nosso Site que esteja sendo vinculado e que fa\u00e7a sentido dentro do contexto e do formato do conte\u00fado do site da parte vinculante.<\/li>\n<\/ul>\n\n\n\n<p>N\u00e3o ser\u00e1 permitido o uso do logotipo ou de outra arte da OxyNitra para a cria\u00e7\u00e3o de links na aus\u00eancia de um contrato de licen\u00e7a de marca registrada.<\/p>\n\n\n\n<h3 class=\"wp-block-heading\"><strong>iFrames<\/strong><\/h3>\n\n\n\n<p>Sem aprova\u00e7\u00e3o pr\u00e9via e permiss\u00e3o por escrito, voc\u00ea n\u00e3o poder\u00e1 criar quadros em torno de nossas p\u00e1ginas da Web que alterem de alguma forma a apresenta\u00e7\u00e3o visual ou a apar\u00eancia de nosso site.<\/p>\n\n\n\n<h3 class=\"wp-block-heading\"><strong>Responsabilidade pelo conte\u00fado<\/strong><\/h3>\n\n\n\n<p>N\u00e3o nos responsabilizaremos por nenhum conte\u00fado que apare\u00e7a em seu site. Voc\u00ea concorda em nos proteger e defender contra todas as reivindica\u00e7\u00f5es que surgirem em seu site. Nenhum link deve aparecer em qualquer site que possa ser interpretado como difamat\u00f3rio, obsceno ou criminoso, ou que infrinja, viole ou defenda a infra\u00e7\u00e3o ou outra viola\u00e7\u00e3o de quaisquer direitos de terceiros.<\/p>\n\n\n\n<h3 class=\"wp-block-heading\"><strong>Reserva de direitos<\/strong><\/h3>\n\n\n\n<p>N\u00f3s nos reservamos o direito de solicitar que voc\u00ea remova todos os links ou qualquer link espec\u00edfico para o nosso Site. Voc\u00ea aprova a remo\u00e7\u00e3o imediata de todos os links para o nosso Site mediante solicita\u00e7\u00e3o. Tamb\u00e9m nos reservamos o direito de alterar estes termos e condi\u00e7\u00f5es e sua pol\u00edtica de links a qualquer momento. Ao estabelecer links cont\u00ednuos para o nosso Site, voc\u00ea concorda em se vincular e seguir estes termos e condi\u00e7\u00f5es de vincula\u00e7\u00e3o.<\/p>\n\n\n\n<h3 class=\"wp-block-heading\"><strong>Remo\u00e7\u00e3o de links de nosso site<\/strong><\/h3>\n\n\n\n<p>Se encontrar algum link em nosso site que seja ofensivo por qualquer motivo, voc\u00ea pode entrar em contato conosco e nos informar a qualquer momento. Consideraremos as solicita\u00e7\u00f5es de remo\u00e7\u00e3o de links, mas n\u00e3o somos obrigados a faz\u00ea-lo ou a responder diretamente a voc\u00ea.<\/p>\n\n\n\n<p>N\u00e3o garantimos que as informa\u00e7\u00f5es contidas neste site estejam corretas, n\u00e3o garantimos sua integridade ou precis\u00e3o, nem prometemos garantir que o site permane\u00e7a dispon\u00edvel ou que o material do site seja mantido atualizado.<\/p>\n\n\n\n<h3 class=\"wp-block-heading\"><strong>Isen\u00e7\u00e3o de responsabilidade<\/strong><\/h3>\n\n\n\n<p>At\u00e9 o limite m\u00e1ximo permitido pela legisla\u00e7\u00e3o aplic\u00e1vel, exclu\u00edmos todas as representa\u00e7\u00f5es, garantias e condi\u00e7\u00f5es relacionadas ao nosso site e ao uso deste site. Nada nesta isen\u00e7\u00e3o de responsabilidade ser\u00e1:<\/p>\n\n\n\n<ul class=\"wp-block-list\">\n<li>limitar ou excluir a nossa ou a sua responsabilidade por morte ou danos pessoais;<\/li>\n\n\n\n<li>limitar ou excluir nossa responsabilidade ou a responsabilidade do usu\u00e1rio por fraude ou declara\u00e7\u00e3o falsa fraudulenta;<\/li>\n\n\n\n<li>limitar qualquer uma de nossas responsabilidades ou de suas responsabilidades de qualquer forma que n\u00e3o seja permitida pela legisla\u00e7\u00e3o aplic\u00e1vel; ou<\/li>\n\n\n\n<li>excluir qualquer responsabilidade nossa ou sua que n\u00e3o possa ser exclu\u00edda de acordo com a legisla\u00e7\u00e3o aplic\u00e1vel.<\/li>\n<\/ul>\n\n\n\n<p>As limita\u00e7\u00f5es e proibi\u00e7\u00f5es de responsabilidade estabelecidas nesta Se\u00e7\u00e3o e em outras partes desta isen\u00e7\u00e3o de responsabilidade: (a) est\u00e3o sujeitas ao par\u00e1grafo anterior; e (b) regem todas as responsabilidades decorrentes da isen\u00e7\u00e3o de responsabilidade, incluindo responsabilidades decorrentes de contrato, ato il\u00edcito e viola\u00e7\u00e3o de dever estatut\u00e1rio.<\/p>\n\n\n\n<p>Enquanto o site e as informa\u00e7\u00f5es e servi\u00e7os nele contidos forem fornecidos gratuitamente, n\u00e3o seremos respons\u00e1veis por nenhuma perda ou dano de qualquer natureza.<\/p>","protected":false},"excerpt":{"rendered":"<p>Termos e condi\u00e7\u00f5es Bem-vindo \u00e0 OxyNitra! Estes termos e condi\u00e7\u00f5es descrevem as regras e regulamentos para o uso do site da OxyNitra, localizado em oxynitra.com. Ao acessar este site, presumimos que voc\u00ea aceita estes termos e condi\u00e7\u00f5es. N\u00e3o continue a usar a OxyNitra se voc\u00ea n\u00e3o concordar em aceitar todos os termos e condi\u00e7\u00f5es [...]<\/p>","protected":false},"author":1,"featured_media":0,"parent":0,"menu_order":0,"comment_status":"closed","ping_status":"closed","template":"","meta":{"site-sidebar-layout":"default","site-content-layout":"","ast-site-content-layout":"default","site-content-style":"default","site-sidebar-style":"default","ast-global-header-display":"","ast-banner-title-visibility":"","ast-main-header-display":"","ast-hfb-above-header-display":"","ast-hfb-below-header-display":"","ast-hfb-mobile-header-display":"","site-post-title":"disabled","ast-breadcrumbs-content":"","ast-featured-img":"","footer-sml-layout":"","ast-disable-related-posts":"","theme-transparent-header-meta":"","adv-header-id-meta":"","stick-header-meta":"","header-above-stick-meta":"","header-main-stick-meta":"","header-below-stick-meta":"","astra-migrate-meta-layouts":"set","ast-page-background-enabled":"default","ast-page-background-meta":{"desktop":{"background-color":"var(--ast-global-color-4)","background-image":"","background-repeat":"repeat","background-position":"center center","background-size":"auto","background-attachment":"scroll","background-type":"","background-media":"","overlay-type":"","overlay-color":"","overlay-opacity":"","overlay-gradient":""},"tablet":{"background-color":"","background-image":"","background-repeat":"repeat","background-position":"center center","background-size":"auto","background-attachment":"scroll","background-type":"","background-media":"","overlay-type":"","overlay-color":"","overlay-opacity":"","overlay-gradient":""},"mobile":{"background-color":"","background-image":"","background-repeat":"repeat","background-position":"center center","background-size":"auto","background-attachment":"scroll","background-type":"","background-media":"","overlay-type":"","overlay-color":"","overlay-opacity":"","overlay-gradient":""}},"ast-content-background-meta":{"desktop":{"background-color":"var(--ast-global-color-5)","background-image":"","background-repeat":"repeat","background-position":"center center","background-size":"auto","background-attachment":"scroll","background-type":"","background-media":"","overlay-type":"","overlay-color":"","overlay-opacity":"","overlay-gradient":""},"tablet":{"background-color":"var(--ast-global-color-5)","background-image":"","background-repeat":"repeat","background-position":"center center","background-size":"auto","background-attachment":"scroll","background-type":"","background-media":"","overlay-type":"","overlay-color":"","overlay-opacity":"","overlay-gradient":""},"mobile":{"background-color":"var(--ast-global-color-5)","background-image":"","background-repeat":"repeat","background-position":"center center","background-size":"auto","background-attachment":"scroll","background-type":"","background-media":"","overlay-type":"","overlay-color":"","overlay-opacity":"","overlay-gradient":""}},"footnotes":""},"class_list":["post-1200","page","type-page","status-publish","hentry"],"_links":{"self":[{"href":"https:\/\/oxynitra.com\/pt\/wp-json\/wp\/v2\/pages\/1200","targetHints":{"allow":["GET"]}}],"collection":[{"href":"https:\/\/oxynitra.com\/pt\/wp-json\/wp\/v2\/pages"}],"about":[{"href":"https:\/\/oxynitra.com\/pt\/wp-json\/wp\/v2\/types\/page"}],"author":[{"embeddable":true,"href":"https:\/\/oxynitra.com\/pt\/wp-json\/wp\/v2\/users\/1"}],"replies":[{"embeddable":true,"href":"https:\/\/oxynitra.com\/pt\/wp-json\/wp\/v2\/comments?post=1200"}],"version-history":[{"count":0,"href":"https:\/\/oxynitra.com\/pt\/wp-json\/wp\/v2\/pages\/1200\/revisions"}],"wp:attachment":[{"href":"https:\/\/oxynitra.com\/pt\/wp-json\/wp\/v2\/media?parent=1200"}],"curies":[{"name":"wp","href":"https:\/\/api.w.org\/{rel}","templated":true}]}}