{"id":1205,"date":"2023-08-13T16:54:34","date_gmt":"2023-08-13T08:54:34","guid":{"rendered":"https:\/\/oxynitra.com\/?page_id=1205"},"modified":"2023-08-15T11:52:04","modified_gmt":"2023-08-15T03:52:04","slug":"privacy-policy","status":"publish","type":"page","link":"https:\/\/oxynitra.com\/pt\/politica-de-privacidade\/","title":{"rendered":"Pol\u00edtica de privacidade"},"content":{"rendered":"<h1 class=\"wp-block-heading has-text-align-center\">Pol\u00edtica de privacidade do OxyNitra<\/h1>\n\n\n\n<p>Na OxyNitra, acess\u00edvel em oxynitra.com, uma das nossas principais prioridades \u00e9 a privacidade dos nossos visitantes. Este documento de Pol\u00edtica de Privacidade cont\u00e9m tipos de informa\u00e7\u00f5es que s\u00e3o coletadas e registradas pela OxyNitra e como as utilizamos.<\/p>\n\n\n\n<p>Se voc\u00ea tiver d\u00favidas adicionais ou precisar de mais informa\u00e7\u00f5es sobre nossa Pol\u00edtica de Privacidade, n\u00e3o hesite em nos contatar.<\/p>\n\n\n\n<h2 class=\"wp-block-heading\">Arquivos de registro<\/h2>\n\n\n\n<p>OxyNitra segue um procedimento padr\u00e3o de uso de arquivos de log. Esses arquivos registram visitantes quando visitam sites. Todas as empresas de hospedagem fazem isso e fazem parte da an\u00e1lise dos servi\u00e7os de hospedagem. As informa\u00e7\u00f5es coletadas pelos arquivos de log incluem endere\u00e7os de protocolo de Internet (IP), tipo de navegador, provedor de servi\u00e7os de Internet (ISP), carimbo de data e hora, p\u00e1ginas de refer\u00eancia\/sa\u00edda e, possivelmente, o n\u00famero de cliques. Eles n\u00e3o est\u00e3o vinculados a nenhuma informa\u00e7\u00e3o que seja pessoalmente identific\u00e1vel. O objetivo das informa\u00e7\u00f5es \u00e9 analisar tend\u00eancias, administrar o site, rastrear o movimento dos usu\u00e1rios no site e coletar informa\u00e7\u00f5es demogr\u00e1ficas.<\/p>\n\n\n\n<h2 class=\"wp-block-heading\">Cookies e web beacons<\/h2>\n\n\n\n<p>Como qualquer outro site, OxyNitra utiliza \u201ccookies\u201d. Estes cookies s\u00e3o utilizados para armazenar informa\u00e7\u00f5es, incluindo as prefer\u00eancias dos visitantes e as p\u00e1ginas do site que o visitante acessou ou visitou. As informa\u00e7\u00f5es s\u00e3o usadas para otimizar a experi\u00eancia dos usu\u00e1rios, personalizando o conte\u00fado da nossa p\u00e1gina web com base no tipo de navegador dos visitantes e\/ou outras informa\u00e7\u00f5es.<\/p>\n\n\n\n<h2 class=\"wp-block-heading\">Cookie DART do Google DoubleClick<\/h2>\n\n\n\n<p>O Google \u00e9 um fornecedor terceirizado em nosso site. Ele tamb\u00e9m usa cookies, conhecidos como cookies DART, para veicular an\u00fancios aos visitantes do nosso site com base em suas visitas a www.website.com e outros sites na Internet. No entanto, os visitantes podem optar por recusar o uso de cookies DART visitando o an\u00fancio do Google e a Pol\u00edtica de Privacidade da rede de conte\u00fado no seguinte URL \u2013 <a href=\"https:\/\/policies.google.com\/technologies\/ads\" target=\"_blank\" rel=\"noopener\">https:\/\/policies.google.com\/technologies\/ads<\/a><\/p>\n\n\n\n<h2 class=\"wp-block-heading\">Nossos parceiros publicit\u00e1rios<\/h2>\n\n\n\n<p>Alguns anunciantes em nosso site podem usar cookies e web beacons. Nossos parceiros de publicidade est\u00e3o listados abaixo. Cada um dos nossos parceiros publicit\u00e1rios tem a sua pr\u00f3pria Pol\u00edtica de Privacidade para as suas pol\u00edticas sobre dados do utilizador. Para facilitar o acesso, criamos um hiperlink para suas Pol\u00edticas de Privacidade abaixo.<\/p>\n\n\n\n<ul class=\"wp-block-list\">\n<li>Google <a href=\"https:\/\/policies.google.com\/technologies\/ads\" target=\"_blank\" rel=\"noopener\">https:\/\/policies.google.com\/technologies\/ads<\/a><\/li>\n<\/ul>\n\n\n\n<h2 class=\"wp-block-heading\">Pol\u00edticas de privacidade<\/h2>\n\n\n\n<p>Voc\u00ea pode consultar esta lista para encontrar a Pol\u00edtica de Privacidade de cada um dos parceiros publicit\u00e1rios da OxyNitra.<\/p>\n\n\n\n<p>Servidores de an\u00fancios ou redes de an\u00fancios de terceiros usam tecnologias como cookies, JavaScript ou Web Beacons que s\u00e3o usados em seus respectivos an\u00fancios e links que aparecem no OxyNitra, que s\u00e3o enviados diretamente ao navegador dos usu\u00e1rios. Eles recebem automaticamente seu endere\u00e7o IP quando isso ocorre. Estas tecnologias s\u00e3o utilizadas para medir a efic\u00e1cia das suas campanhas publicit\u00e1rias e\/ou para personalizar o conte\u00fado publicit\u00e1rio que v\u00ea nos websites que visita.<\/p>\n\n\n\n<p>Observe que a OxyNitra n\u00e3o tem acesso ou controle sobre esses cookies usados por anunciantes terceiros.<\/p>\n\n\n\n<h2 class=\"wp-block-heading\">Pol\u00edticas de privacidade de terceiros<\/h2>\n\n\n\n<p>A Pol\u00edtica de Privacidade da OxyNitra n\u00e3o se aplica a outros anunciantes ou sites. Assim, aconselhamos que consulte as respetivas Pol\u00edticas de Privacidade destes servidores de an\u00fancios de terceiros para obter informa\u00e7\u00f5es mais detalhadas. Pode incluir suas pr\u00e1ticas e instru\u00e7\u00f5es sobre como cancelar determinadas op\u00e7\u00f5es.<\/p>\n\n\n\n<p>Voc\u00ea pode optar por desativar os cookies atrav\u00e9s das op\u00e7\u00f5es individuais do seu navegador. Para saber informa\u00e7\u00f5es mais detalhadas sobre o gerenciamento de cookies com navegadores web espec\u00edficos, voc\u00ea pode encontr\u00e1-las nos respectivos sites dos navegadores. O que s\u00e3o biscoitos?<\/p>\n\n\n\n<h2 class=\"wp-block-heading\">Informa\u00e7\u00f5es infantis<\/h2>\n\n\n\n<p>Outra parte da nossa prioridade \u00e9 adicionar prote\u00e7\u00e3o \u00e0s crian\u00e7as durante o uso da Internet. Incentivamos os pais e respons\u00e1veis a observar, participar e\/ou monitorar e orientar suas atividades online.<\/p>\n\n\n\n<p>OxyNitra n\u00e3o coleta intencionalmente nenhuma informa\u00e7\u00e3o pessoal identific\u00e1vel de crian\u00e7as menores de 13 anos. Se voc\u00ea acha que seu filho forneceu esse tipo de informa\u00e7\u00e3o em nosso site, recomendamos fortemente que voc\u00ea entre em contato conosco imediatamente e faremos nossos melhores esfor\u00e7os para remover imediatamente tais informa\u00e7\u00f5es de nossos registros.<\/p>\n\n\n\n<h2 class=\"wp-block-heading\">Pol\u00edtica de privacidade on-line apenas<\/h2>\n\n\n\n<p>Esta Pol\u00edtica de Privacidade aplica-se apenas \u00e0s nossas atividades online e \u00e9 v\u00e1lida para os visitantes do nosso site no que diz respeito \u00e0s informa\u00e7\u00f5es que compartilharam e\/ou coletaram no OxyNitra. Esta pol\u00edtica n\u00e3o se aplica a quaisquer informa\u00e7\u00f5es coletadas off-line ou por meio de canais que n\u00e3o sejam este site.<\/p>\n\n\n\n<h2 class=\"wp-block-heading\">Consentimento<\/h2>\n\n\n\n<p>Ao utilizar nosso site, voc\u00ea concorda com nossa Pol\u00edtica de Privacidade e concorda com seus Termos e Condi\u00e7\u00f5es.<\/p>","protected":false},"excerpt":{"rendered":"<p>Pol\u00edtica de Privacidade da OxyNitra Na OxyNitra, acess\u00edvel pelo site oxynitra.com, uma de nossas principais prioridades \u00e9 a privacidade de nossos visitantes. Este documento de Pol\u00edtica de Privacidade cont\u00e9m os tipos de informa\u00e7\u00f5es que s\u00e3o coletadas e registradas pela OxyNitra e como as utilizamos. Se voc\u00ea tiver outras d\u00favidas ou precisar de mais informa\u00e7\u00f5es sobre nossa Pol\u00edtica de Privacidade, n\u00e3o [...]<\/p>","protected":false},"author":1,"featured_media":0,"parent":0,"menu_order":0,"comment_status":"closed","ping_status":"closed","template":"","meta":{"site-sidebar-layout":"default","site-content-layout":"","ast-site-content-layout":"default","site-content-style":"default","site-sidebar-style":"default","ast-global-header-display":"","ast-banner-title-visibility":"","ast-main-header-display":"","ast-hfb-above-header-display":"","ast-hfb-below-header-display":"","ast-hfb-mobile-header-display":"","site-post-title":"disabled","ast-breadcrumbs-content":"","ast-featured-img":"","footer-sml-layout":"","ast-disable-related-posts":"","theme-transparent-header-meta":"","adv-header-id-meta":"","stick-header-meta":"","header-above-stick-meta":"","header-main-stick-meta":"","header-below-stick-meta":"","astra-migrate-meta-layouts":"set","ast-page-background-enabled":"default","ast-page-background-meta":{"desktop":{"background-color":"var(--ast-global-color-4)","background-image":"","background-repeat":"repeat","background-position":"center center","background-size":"auto","background-attachment":"scroll","background-type":"","background-media":"","overlay-type":"","overlay-color":"","overlay-opacity":"","overlay-gradient":""},"tablet":{"background-color":"","background-image":"","background-repeat":"repeat","background-position":"center center","background-size":"auto","background-attachment":"scroll","background-type":"","background-media":"","overlay-type":"","overlay-color":"","overlay-opacity":"","overlay-gradient":""},"mobile":{"background-color":"","background-image":"","background-repeat":"repeat","background-position":"center center","background-size":"auto","background-attachment":"scroll","background-type":"","background-media":"","overlay-type":"","overlay-color":"","overlay-opacity":"","overlay-gradient":""}},"ast-content-background-meta":{"desktop":{"background-color":"var(--ast-global-color-5)","background-image":"","background-repeat":"repeat","background-position":"center center","background-size":"auto","background-attachment":"scroll","background-type":"","background-media":"","overlay-type":"","overlay-color":"","overlay-opacity":"","overlay-gradient":""},"tablet":{"background-color":"var(--ast-global-color-5)","background-image":"","background-repeat":"repeat","background-position":"center center","background-size":"auto","background-attachment":"scroll","background-type":"","background-media":"","overlay-type":"","overlay-color":"","overlay-opacity":"","overlay-gradient":""},"mobile":{"background-color":"var(--ast-global-color-5)","background-image":"","background-repeat":"repeat","background-position":"center center","background-size":"auto","background-attachment":"scroll","background-type":"","background-media":"","overlay-type":"","overlay-color":"","overlay-opacity":"","overlay-gradient":""}},"footnotes":""},"class_list":["post-1205","page","type-page","status-publish","hentry"],"_links":{"self":[{"href":"https:\/\/oxynitra.com\/pt\/wp-json\/wp\/v2\/pages\/1205","targetHints":{"allow":["GET"]}}],"collection":[{"href":"https:\/\/oxynitra.com\/pt\/wp-json\/wp\/v2\/pages"}],"about":[{"href":"https:\/\/oxynitra.com\/pt\/wp-json\/wp\/v2\/types\/page"}],"author":[{"embeddable":true,"href":"https:\/\/oxynitra.com\/pt\/wp-json\/wp\/v2\/users\/1"}],"replies":[{"embeddable":true,"href":"https:\/\/oxynitra.com\/pt\/wp-json\/wp\/v2\/comments?post=1205"}],"version-history":[{"count":0,"href":"https:\/\/oxynitra.com\/pt\/wp-json\/wp\/v2\/pages\/1205\/revisions"}],"wp:attachment":[{"href":"https:\/\/oxynitra.com\/pt\/wp-json\/wp\/v2\/media?parent=1205"}],"curies":[{"name":"wp","href":"https:\/\/api.w.org\/{rel}","templated":true}]}}