{"id":1205,"date":"2023-08-13T16:54:34","date_gmt":"2023-08-13T08:54:34","guid":{"rendered":"https:\/\/oxynitra.com\/?page_id=1205"},"modified":"2023-08-15T11:52:04","modified_gmt":"2023-08-15T03:52:04","slug":"privacy-policy","status":"publish","type":"page","link":"https:\/\/oxynitra.com\/ro\/politica-de-confidentialitate\/","title":{"rendered":"Politica de confiden\u021bialitate"},"content":{"rendered":"<h1 class=\"wp-block-heading has-text-align-center\">Politica de confiden\u021bialitate pentru OxyNitra<\/h1>\n\n\n\n<p>La OxyNitra, accesibil de pe oxynitra.com, una dintre priorit\u0103\u021bile noastre principale este confiden\u021bialitatea vizitatorilor no\u0219tri. Acest document privind politica de confiden\u021bialitate con\u021bine tipurile de informa\u021bii care sunt colectate \u0219i \u00eenregistrate de c\u0103tre OxyNitra \u0219i modul \u00een care le folosim.<\/p>\n\n\n\n<p>Dac\u0103 ave\u021bi \u00eentreb\u0103ri suplimentare sau dac\u0103 ave\u021bi nevoie de mai multe informa\u021bii despre Politica noastr\u0103 de confiden\u021bialitate, nu ezita\u021bi s\u0103 ne contacta\u021bi.<\/p>\n\n\n\n<h2 class=\"wp-block-heading\">Fi\u0219iere jurnal<\/h2>\n\n\n\n<p>OxyNitra urmeaz\u0103 o procedur\u0103 standard de utilizare a fi\u0219ierelor jurnal. Aceste fi\u0219iere \u00eenregistreaz\u0103 vizitatorii atunci c\u00e2nd ace\u0219tia viziteaz\u0103 site-urile web. Toate companiile de g\u0103zduire fac acest lucru \u0219i o parte din analiza serviciilor de g\u0103zduire. Informa\u021biile colectate de fi\u0219ierele jurnal includ adresele de protocol internet (IP), tipul de browser, furnizorul de servicii internet (ISP), data \u0219i ora, paginile de trimitere\/ie\u0219ire \u0219i, eventual, num\u0103rul de clicuri. Acestea nu sunt legate de nicio informa\u021bie care s\u0103 poat\u0103 fi identificat\u0103 personal. Scopul acestor informa\u021bii este de a analiza tendin\u021bele, de a administra site-ul, de a urm\u0103ri mi\u0219c\u0103rile utilizatorilor pe site \u0219i de a colecta informa\u021bii demografice.<\/p>\n\n\n\n<h2 class=\"wp-block-heading\">Cookie-uri \u0219i balize web<\/h2>\n\n\n\n<p>La fel ca orice alt site web, OxyNitra utilizeaz\u0103 \"cookie-uri\". Aceste cookie-uri sunt folosite pentru a stoca informa\u021bii, inclusiv preferin\u021bele vizitatorilor \u0219i paginile de pe site pe care vizitatorul le-a accesat sau vizitat. Informa\u021biile sunt utilizate pentru a optimiza experien\u021ba utilizatorilor prin personalizarea con\u021binutului paginilor noastre web pe baza tipului de browser al vizitatorilor \u0219i\/sau a altor informa\u021bii.<\/p>\n\n\n\n<h2 class=\"wp-block-heading\">Cookie-ul DART DoubleClick de la Google<\/h2>\n\n\n\n<p>Google este unul dintre furnizorii ter\u021bi de pe site-ul nostru. De asemenea, utilizeaz\u0103 cookie-uri, cunoscute sub numele de cookie-uri DART, pentru a difuza anun\u021buri vizitatorilor site-ului nostru pe baza vizitei acestora la www.website.com \u0219i pe alte site-uri de pe internet. Cu toate acestea, vizitatorii pot alege s\u0103 refuze utilizarea cookie-urilor DART vizit\u00e2nd Politica de confiden\u021bialitate a re\u021belei de anun\u021buri \u0219i con\u021binut Google la urm\u0103toarea adres\u0103 URL - <a href=\"https:\/\/policies.google.com\/technologies\/ads\" target=\"_blank\" rel=\"noopener\">https:\/\/policies.google.com\/technologies\/ads<\/a><\/p>\n\n\n\n<h2 class=\"wp-block-heading\">Partenerii no\u0219tri de publicitate<\/h2>\n\n\n\n<p>Unii dintre agen\u021bii de publicitate de pe site-ul nostru pot utiliza module cookie \u0219i balize web. Partenerii no\u0219tri publicitari sunt enumera\u021bi mai jos. Fiecare dintre partenerii no\u0219tri publicitari are propria politic\u0103 de confiden\u021bialitate pentru politicile lor privind datele utilizatorilor. Pentru un acces mai u\u0219or, am f\u0103cut un hyperlink c\u0103tre politicile lor de confiden\u021bialitate de mai jos.<\/p>\n\n\n\n<ul class=\"wp-block-list\">\n<li>Google <a href=\"https:\/\/policies.google.com\/technologies\/ads\" target=\"_blank\" rel=\"noopener\">https:\/\/policies.google.com\/technologies\/ads<\/a><\/li>\n<\/ul>\n\n\n\n<h2 class=\"wp-block-heading\">Politici de confiden\u021bialitate<\/h2>\n\n\n\n<p>Pute\u021bi consulta aceast\u0103 list\u0103 pentru a g\u0103si Politica de confiden\u021bialitate pentru fiecare dintre partenerii publicitari ai OxyNitra.<\/p>\n\n\n\n<p>Serverele sau re\u021belele de anun\u021buri ale unor ter\u021be p\u0103r\u021bi utilizeaz\u0103 tehnologii precum cookie-uri, JavaScript sau Web Beacons care sunt utilizate \u00een anun\u021burile \u0219i link-urile lor respective care apar pe OxyNitra, care sunt trimise direct la browserul utilizatorilor. Ace\u0219tia primesc \u00een mod automat adresa dumneavoastr\u0103 IP atunci c\u00e2nd acest lucru se \u00eent\u00e2mpl\u0103. Aceste tehnologii sunt utilizate pentru a m\u0103sura eficien\u021ba campaniilor lor publicitare \u0219i\/sau pentru a personaliza con\u021binutul publicitar pe care \u00eel vede\u021bi pe site-urile web pe care le vizita\u021bi.<\/p>\n\n\n\n<p>Re\u021bine\u021bi c\u0103 OxyNitra nu are acces sau control asupra acestor cookie-uri care sunt utilizate de c\u0103tre agen\u021bii de publicitate ter\u021b\u0103 parte.<\/p>\n\n\n\n<h2 class=\"wp-block-heading\">Politicile de confiden\u021bialitate ale ter\u021bilor<\/h2>\n\n\n\n<p>Politica de confiden\u021bialitate a OxyNitra nu se aplic\u0103 altor agen\u021bi de publicitate sau site-uri web. Astfel, v\u0103 sf\u0103tuim s\u0103 consulta\u021bi Politicile de confiden\u021bialitate respective ale acestor servere de publicitate ter\u021be pentru informa\u021bii mai detaliate. Aceasta poate include practicile acestora \u0219i instruc\u021biuni despre cum s\u0103 renun\u021ba\u021bi la anumite op\u021biuni.<\/p>\n\n\n\n<p>Pute\u021bi alege s\u0103 dezactiva\u021bi modulele cookie prin intermediul op\u021biunilor individuale ale browserului dumneavoastr\u0103. Pentru a afla informa\u021bii mai detaliate despre gestionarea cookie-urilor cu browsere web specifice, acestea pot fi g\u0103site pe site-urile web ale browserelor respective. Ce sunt modulele cookie?<\/p>\n\n\n\n<h2 class=\"wp-block-heading\">Informa\u021bii pentru copii<\/h2>\n\n\n\n<p>O alt\u0103 parte a priorit\u0103\u021bii noastre este ad\u0103ugarea de protec\u021bie pentru copii \u00een timpul utiliz\u0103rii internetului. \u00cencuraj\u0103m p\u0103rin\u021bii \u0219i tutorii s\u0103 observe, s\u0103 participe \u0219i\/sau s\u0103 monitorizeze \u0219i s\u0103 \u00eendrume activitatea online a copiilor.<\/p>\n\n\n\n<p>OxyNitra nu colecteaz\u0103 cu bun\u0103 \u0219tiin\u021b\u0103 informa\u021bii personale identificabile de la copii cu v\u00e2rsta sub 13 ani. Dac\u0103 crede\u021bi c\u0103 copilul dvs. a furnizat acest tip de informa\u021bii pe site-ul nostru, v\u0103 \u00eencuraj\u0103m cu t\u0103rie s\u0103 ne contacta\u021bi imediat \u0219i vom face tot posibilul pentru a elimina imediat aceste informa\u021bii din eviden\u021bele noastre.<\/p>\n\n\n\n<h2 class=\"wp-block-heading\">Doar politica de confiden\u021bialitate online<\/h2>\n\n\n\n<p>Aceast\u0103 Politic\u0103 de confiden\u021bialitate se aplic\u0103 numai activit\u0103\u021bilor noastre online \u0219i este valabil\u0103 pentru vizitatorii site-ului nostru \u00een ceea ce prive\u0219te informa\u021biile pe care le-au \u00eemp\u0103rt\u0103\u0219it \u0219i\/sau colectat \u00een OxyNitra. Aceast\u0103 politic\u0103 nu este aplicabil\u0103 informa\u021biilor colectate offline sau prin alte canale dec\u00e2t acest site web.<\/p>\n\n\n\n<h2 class=\"wp-block-heading\">Consim\u021b\u0103m\u00e2nt<\/h2>\n\n\n\n<p>Prin utilizarea site-ului nostru web, sunte\u021bi de acord cu Politica noastr\u0103 de confiden\u021bialitate \u0219i accepta\u021bi Termenii \u0219i condi\u021biile acesteia.<\/p>","protected":false},"excerpt":{"rendered":"<p>Politica de confiden\u021bialitate pentru OxyNitra La OxyNitra, accesibil de la oxynitra.com, una dintre priorit\u0103\u021bile noastre principale este confiden\u021bialitatea vizitatorilor no\u0219tri. Acest document Politica de confiden\u021bialitate con\u021bine tipurile de informa\u021bii care sunt colectate \u0219i \u00eenregistrate de OxyNitra \u0219i modul \u00een care le utiliz\u0103m. Dac\u0103 ave\u021bi \u00eentreb\u0103ri suplimentare sau dori\u021bi mai multe informa\u021bii despre Politica noastr\u0103 de confiden\u021bialitate, nu [...]<\/p>","protected":false},"author":1,"featured_media":0,"parent":0,"menu_order":0,"comment_status":"closed","ping_status":"closed","template":"","meta":{"site-sidebar-layout":"default","site-content-layout":"","ast-site-content-layout":"default","site-content-style":"default","site-sidebar-style":"default","ast-global-header-display":"","ast-banner-title-visibility":"","ast-main-header-display":"","ast-hfb-above-header-display":"","ast-hfb-below-header-display":"","ast-hfb-mobile-header-display":"","site-post-title":"disabled","ast-breadcrumbs-content":"","ast-featured-img":"","footer-sml-layout":"","ast-disable-related-posts":"","theme-transparent-header-meta":"","adv-header-id-meta":"","stick-header-meta":"","header-above-stick-meta":"","header-main-stick-meta":"","header-below-stick-meta":"","astra-migrate-meta-layouts":"set","ast-page-background-enabled":"default","ast-page-background-meta":{"desktop":{"background-color":"var(--ast-global-color-4)","background-image":"","background-repeat":"repeat","background-position":"center center","background-size":"auto","background-attachment":"scroll","background-type":"","background-media":"","overlay-type":"","overlay-color":"","overlay-opacity":"","overlay-gradient":""},"tablet":{"background-color":"","background-image":"","background-repeat":"repeat","background-position":"center center","background-size":"auto","background-attachment":"scroll","background-type":"","background-media":"","overlay-type":"","overlay-color":"","overlay-opacity":"","overlay-gradient":""},"mobile":{"background-color":"","background-image":"","background-repeat":"repeat","background-position":"center center","background-size":"auto","background-attachment":"scroll","background-type":"","background-media":"","overlay-type":"","overlay-color":"","overlay-opacity":"","overlay-gradient":""}},"ast-content-background-meta":{"desktop":{"background-color":"var(--ast-global-color-5)","background-image":"","background-repeat":"repeat","background-position":"center center","background-size":"auto","background-attachment":"scroll","background-type":"","background-media":"","overlay-type":"","overlay-color":"","overlay-opacity":"","overlay-gradient":""},"tablet":{"background-color":"var(--ast-global-color-5)","background-image":"","background-repeat":"repeat","background-position":"center center","background-size":"auto","background-attachment":"scroll","background-type":"","background-media":"","overlay-type":"","overlay-color":"","overlay-opacity":"","overlay-gradient":""},"mobile":{"background-color":"var(--ast-global-color-5)","background-image":"","background-repeat":"repeat","background-position":"center center","background-size":"auto","background-attachment":"scroll","background-type":"","background-media":"","overlay-type":"","overlay-color":"","overlay-opacity":"","overlay-gradient":""}},"footnotes":""},"class_list":["post-1205","page","type-page","status-publish","hentry"],"_links":{"self":[{"href":"https:\/\/oxynitra.com\/ro\/wp-json\/wp\/v2\/pages\/1205","targetHints":{"allow":["GET"]}}],"collection":[{"href":"https:\/\/oxynitra.com\/ro\/wp-json\/wp\/v2\/pages"}],"about":[{"href":"https:\/\/oxynitra.com\/ro\/wp-json\/wp\/v2\/types\/page"}],"author":[{"embeddable":true,"href":"https:\/\/oxynitra.com\/ro\/wp-json\/wp\/v2\/users\/1"}],"replies":[{"embeddable":true,"href":"https:\/\/oxynitra.com\/ro\/wp-json\/wp\/v2\/comments?post=1205"}],"version-history":[{"count":0,"href":"https:\/\/oxynitra.com\/ro\/wp-json\/wp\/v2\/pages\/1205\/revisions"}],"wp:attachment":[{"href":"https:\/\/oxynitra.com\/ro\/wp-json\/wp\/v2\/media?parent=1205"}],"curies":[{"name":"wp","href":"https:\/\/api.w.org\/{rel}","templated":true}]}}