{"id":1200,"date":"2023-08-13T16:46:53","date_gmt":"2023-08-13T08:46:53","guid":{"rendered":"https:\/\/oxynitra.com\/?page_id=1200"},"modified":"2023-08-15T11:53:52","modified_gmt":"2023-08-15T03:53:52","slug":"terms-conditions","status":"publish","type":"page","link":"https:\/\/oxynitra.com\/tr\/sartlar-kosullar\/","title":{"rendered":"\u015eartlar ve Ko\u015fullar"},"content":{"rendered":"<h1 class=\"wp-block-heading has-text-align-center\"><strong>\u015eartlar ve ko\u015fullar<\/strong><\/h1>\n\n\n\n<p>OxyNitra'ya ho\u015f geldiniz!<\/p>\n\n\n\n<p>Bu \u015fartlar ve ko\u015fullar, oxynitra.com adresinde bulunan OxyNitra Web Sitesinin kullan\u0131m\u0131na ili\u015fkin kural ve d\u00fczenlemeleri \u00f6zetlemektedir.<\/p>\n\n\n\n<p>Bu web sitesine eri\u015ferek bu \u015fart ve ko\u015fullar\u0131 kabul etti\u011finizi varsay\u0131yoruz. Bu sayfada belirtilen h\u00fck\u00fcm ve ko\u015fullar\u0131n tamam\u0131n\u0131 kabul etmiyorsan\u0131z OxyNitra&#039;y\u0131 kullanmaya devam etmeyin.<\/p>\n\n\n\n<p>A\u015fa\u011f\u0131daki terminoloji, bu H\u00fck\u00fcm ve Ko\u015fullar, Gizlilik Beyan\u0131 ve Sorumluluk Reddi Bildirimi ve t\u00fcm S\u00f6zle\u015fmeler i\u00e7in ge\u00e7erlidir: \u201cM\u00fc\u015fteri\u201d, \u201cSiz\u201d ve \u201cSizin\u201d sizi, bu web sitesinde oturum a\u00e7an ve \u015eirketin h\u00fck\u00fcm ve ko\u015fullar\u0131na uyan ki\u015fiyi ifade eder. \u201c\u015eirket\u201d, \u201cKendimiz\u201d, \u201cBiz\u201d, \u201cBizim\u201d ve \u201cBiz\u201d, \u015eirketimizi ifade eder. \u201cTaraf\u201d, \u201cTaraflar\u201d veya \u201cBiz\u201d hem M\u00fc\u015fteriyi hem de bizi ifade eder. T\u00fcm \u015fartlar, \u015eirketin belirtilen hizmetlerinin sa\u011flanmas\u0131na ili\u015fkin M\u00fc\u015fterinin ihtiya\u00e7lar\u0131n\u0131n a\u00e7\u0131k bir \u015fekilde kar\u015f\u0131lanmas\u0131 amac\u0131yla M\u00fc\u015fteriye yard\u0131m s\u00fcrecimizi en uygun \u015fekilde y\u00fcr\u00fctmek i\u00e7in gerekli \u00f6demenin teklifini, kabul\u00fcn\u00fc ve dikkate al\u0131nmas\u0131n\u0131 ifade eder. ve y\u00fcr\u00fcrl\u00fckteki cn kanununa tabidir. Yukar\u0131daki terminolojinin veya di\u011fer kelimelerin tekil, \u00e7o\u011ful, b\u00fcy\u00fck harflerle ve\/veya o veya onlar \u015feklinde kullan\u0131m\u0131 birbirinin yerine kullan\u0131labilir ve dolay\u0131s\u0131yla ayn\u0131 anlama gelir.<\/p>\n\n\n\n<h3 class=\"wp-block-heading\"><strong>Kurabiye<\/strong><\/h3>\n\n\n\n<p>\u00c7erezlerin kullan\u0131m\u0131n\u0131 kullan\u0131yoruz. OxyNitra&#039;ya eri\u015ferek, OxyNitra&#039;n\u0131n Gizlilik Politikas\u0131na uygun olarak \u00e7erezleri kullanmay\u0131 kabul etmi\u015f olursunuz.<\/p>\n\n\n\n<p>\u00c7o\u011fu etkile\u015fimli web sitesi, her ziyarette kullan\u0131c\u0131n\u0131n ayr\u0131nt\u0131lar\u0131n\u0131 almam\u0131za izin vermek i\u00e7in \u00e7erezleri kullan\u0131r. \u00c7erezler, web sitemizi ziyaret eden ki\u015filerin i\u015fini kolayla\u015ft\u0131rmak amac\u0131yla belirli alanlar\u0131n i\u015flevselli\u011fini sa\u011flamak amac\u0131yla web sitemiz taraf\u0131ndan kullan\u0131lmaktad\u0131r. Baz\u0131 ba\u011fl\u0131 kurulu\u015flar\u0131m\u0131z\/reklam ortaklar\u0131m\u0131z da \u00e7erez kullanabilir.<\/p>\n\n\n\n<h3 class=\"wp-block-heading\"><strong>Lisans<\/strong><\/h3>\n\n\n\n<p>Aksi belirtilmedi\u011fi s\u00fcrece, OxyNitra ve\/veya lisans verenleri, OxyNitra&#039;daki t\u00fcm materyallerin fikri m\u00fclkiyet haklar\u0131na sahiptir. T\u00fcm fikri m\u00fclkiyet haklar\u0131 sakl\u0131d\u0131r. Bu \u015fartlar ve ko\u015fullarda belirlenen k\u0131s\u0131tlamalara tabi olarak kendi ki\u015fisel kullan\u0131m\u0131n\u0131z i\u00e7in OxyNitra&#039;dan buna eri\u015febilirsiniz.<\/p>\n\n\n\n<p>Yapmamal\u0131s\u0131n:<\/p>\n\n\n\n<ul class=\"wp-block-list\">\n<li>OxyNitra&#039;daki materyali yeniden yay\u0131nlay\u0131n<\/li>\n\n\n\n<li>OxyNitra&#039;dan malzeme sat\u0131n, kiralay\u0131n veya alt lisanslay\u0131n<\/li>\n\n\n\n<li>OxyNitra&#039;daki materyali \u00e7o\u011falt\u0131n, \u00e7o\u011falt\u0131n veya kopyalay\u0131n<\/li>\n\n\n\n<li>OxyNitra&#039;dan i\u00e7eri\u011fi yeniden da\u011f\u0131t\u0131n<\/li>\n<\/ul>\n\n\n\n<p>Bu S\u00f6zle\u015fme bu tarihte ba\u015flayacakt\u0131r.<\/p>\n\n\n\n<p>Bu web sitesinin baz\u0131 b\u00f6l\u00fcmleri, kullan\u0131c\u0131lara web sitesinin belirli alanlar\u0131nda fikir ve bilgi payla\u015f\u0131m\u0131nda bulunma ve fikir al\u0131\u015fveri\u015finde bulunma f\u0131rsat\u0131 sunar. OxyNitra, Yorumlar\u0131 web sitesinde bulunmadan \u00f6nce filtrelemez, d\u00fczenlemez, yay\u0131nlamaz veya incelemez. Yorumlar OxyNitra&#039;n\u0131n, acentelerinin ve\/veya ba\u011fl\u0131 kurulu\u015flar\u0131n\u0131n g\u00f6r\u00fc\u015f ve d\u00fc\u015f\u00fcncelerini yans\u0131tmaz. Yorumlar, g\u00f6r\u00fc\u015f ve d\u00fc\u015f\u00fcncelerini yay\u0131nlayan ki\u015finin g\u00f6r\u00fc\u015f ve d\u00fc\u015f\u00fcncelerini yans\u0131t\u0131r. Y\u00fcr\u00fcrl\u00fckteki yasalar\u0131n izin verdi\u011fi \u00f6l\u00e7\u00fcde, OxyNitra, Yorumlardan veya bu konudaki Yorumlar\u0131n herhangi bir \u015fekilde kullan\u0131lmas\u0131 ve\/veya yay\u0131nlanmas\u0131 ve\/veya ortaya \u00e7\u0131kmas\u0131 sonucunda ortaya \u00e7\u0131kan ve\/veya maruz kal\u0131nan hi\u00e7bir y\u00fck\u00fcml\u00fcl\u00fckten, zarardan veya masraftan sorumlu olmayacakt\u0131r. \u0130nternet sitesi.<\/p>\n\n\n\n<p>OxyNitra, t\u00fcm Yorumlar\u0131 izleme ve uygunsuz, sald\u0131rgan olarak kabul edilebilecek veya bu H\u00fck\u00fcm ve Ko\u015fullar\u0131n ihlaline neden olabilecek t\u00fcm Yorumlar\u0131 kald\u0131rma hakk\u0131n\u0131 sakl\u0131 tutar.<\/p>\n\n\n\n<p>A\u015fa\u011f\u0131dakileri garanti ve beyan edersiniz:<\/p>\n\n\n\n<ul class=\"wp-block-list\">\n<li>Yorumlar\u0131 web sitemizde yay\u0131nlama hakk\u0131na sahipsiniz ve bunu yapmak i\u00e7in gerekli t\u00fcm lisanslara ve izinlere sahipsiniz;<\/li>\n\n\n\n<li>Yorumlar, herhangi bir \u00fc\u00e7\u00fcnc\u00fc taraf\u0131n telif hakk\u0131, patenti veya ticari markas\u0131 dahil ancak bunlarla s\u0131n\u0131rl\u0131 olmamak \u00fczere hi\u00e7bir fikri m\u00fclkiyet hakk\u0131n\u0131 ihlal etmez;<\/li>\n\n\n\n<li>Yorumlar, gizlili\u011fi ihlal eden herhangi bir karalay\u0131c\u0131, iftira niteli\u011finde, sald\u0131rgan, uygunsuz veya ba\u015fka bir \u015fekilde yasa d\u0131\u015f\u0131 materyal i\u00e7ermemektedir.<\/li>\n\n\n\n<li>Yorumlar, i\u015f veya \u00f6zel veya ticari faaliyetleri veya yasa d\u0131\u015f\u0131 faaliyetleri te\u015fvik etmek veya tan\u0131tmak i\u00e7in kullan\u0131lmayacakt\u0131r.<\/li>\n<\/ul>\n\n\n\n<p>\u0130\u015fbu belge ile OxyNitra&#039;ya Yorumlar\u0131n\u0131z\u0131 herhangi bir ve t\u00fcm form, format veya ortamda kullanma, \u00e7o\u011faltma, d\u00fczenleme ve ba\u015fkalar\u0131na kullanma, \u00e7o\u011faltma ve d\u00fczenleme yetkisi vermek \u00fczere m\u00fcnhas\u0131r olmayan bir lisans veriyorsunuz.<\/p>\n\n\n\n<h3 class=\"wp-block-heading\"><strong>\u0130\u00e7eri\u011fimize K\u00f6pr\u00fc Ba\u011flama<\/strong><\/h3>\n\n\n\n<p>A\u015fa\u011f\u0131daki kurulu\u015flar \u00f6nceden yaz\u0131l\u0131 onay olmaks\u0131z\u0131n Web Sitemize ba\u011flant\u0131 verebilir:<\/p>\n\n\n\n<ul class=\"wp-block-list\">\n<li>Devlet kurumlar\u0131;<\/li>\n\n\n\n<li>Arama motorlar\u0131;<\/li>\n\n\n\n<li>Haber kurulu\u015flar\u0131;<\/li>\n\n\n\n<li>\u00c7evrimi\u00e7i rehber da\u011f\u0131t\u0131c\u0131lar\u0131, listelenen di\u011fer i\u015fletmelerin Web sitelerine hiper ba\u011flant\u0131 verdikleri gibi Web Sitemize de ba\u011flant\u0131 verebilir; Ve<\/li>\n\n\n\n<li>Web sitemize hiper ba\u011flant\u0131 vermeyebilecek kar amac\u0131 g\u00fctmeyen kurulu\u015flar, yard\u0131m ama\u00e7l\u0131 al\u0131\u015fveri\u015f merkezleri ve yard\u0131m ama\u00e7l\u0131 ba\u011f\u0131\u015f toplama gruplar\u0131 talep etmek d\u0131\u015f\u0131nda, Sistem \u00e7ap\u0131nda Akredite \u0130\u015fletmeler.<\/li>\n<\/ul>\n\n\n\n<p>Bu kurulu\u015flar, ba\u011flant\u0131n\u0131n: (a) hi\u00e7bir \u015fekilde aldat\u0131c\u0131 olmamas\u0131; (b) ba\u011flant\u0131 veren taraf\u0131n ve onun \u00fcr\u00fcn ve\/veya hizmetlerinin sponsorlu\u011funu, onay\u0131n\u0131 veya onay\u0131n\u0131 yanl\u0131\u015f bir \u015fekilde ima etmemelidir; ve (c) ba\u011flant\u0131 veren taraf\u0131n sitesinin ba\u011flam\u0131na uyuyorsa.<\/p>\n\n\n\n<p>A\u015fa\u011f\u0131daki kurulu\u015f t\u00fcrlerinden gelen di\u011fer ba\u011flant\u0131 isteklerini de\u011ferlendirebilir ve onaylayabiliriz:<\/p>\n\n\n\n<ul class=\"wp-block-list\">\n<li>yayg\u0131n olarak bilinen t\u00fcketici ve\/veya i\u015f bilgi kaynaklar\u0131;<\/li>\n\n\n\n<li>dot.com topluluk siteleri;<\/li>\n\n\n\n<li>hay\u0131r kurumlar\u0131n\u0131 temsil eden dernekler veya di\u011fer gruplar;<\/li>\n\n\n\n<li>\u00e7evrimi\u00e7i rehber da\u011f\u0131t\u0131c\u0131lar\u0131;<\/li>\n\n\n\n<li>internet portallar\u0131;<\/li>\n\n\n\n<li>muhasebe, hukuk ve dan\u0131\u015fmanl\u0131k firmalar\u0131; Ve<\/li>\n\n\n\n<li>e\u011fitim kurumlar\u0131 ve ticari dernekler.<\/li>\n<\/ul>\n\n\n\n<p>A\u015fa\u011f\u0131daki hususlara karar verirsek bu kurulu\u015flardan gelen ba\u011flant\u0131 isteklerini onaylayaca\u011f\u0131z: (a) ba\u011flant\u0131n\u0131n kendimize veya akredite i\u015fletmelerimize olumsuz bir g\u00f6zle bakmam\u0131za neden olmayaca\u011f\u0131na; (b) kurulu\u015fun bizde herhangi bir olumsuz kayd\u0131n\u0131n bulunmamas\u0131; (c) k\u00f6pr\u00fcn\u00fcn g\u00f6r\u00fcn\u00fcrl\u00fc\u011f\u00fcn\u00fcn bize sa\u011flad\u0131\u011f\u0131 fayda, OxyNitra&#039;n\u0131n yoklu\u011funu telafi eder; ve (d) ba\u011flant\u0131n\u0131n genel kaynak bilgileri ba\u011flam\u0131nda olmas\u0131.<\/p>\n\n\n\n<p>Bu kurulu\u015flar, ba\u011flant\u0131n\u0131n (a) hi\u00e7bir \u015fekilde aldat\u0131c\u0131 olmamas\u0131; (b) ba\u011flant\u0131 veren taraf\u0131n ve onun \u00fcr\u00fcn veya hizmetlerinin sponsorlu\u011funu, onay\u0131n\u0131 veya onay\u0131n\u0131 yanl\u0131\u015f bir \u015fekilde ima etmemelidir; ve (c) ba\u011flant\u0131 veren taraf\u0131n sitesinin ba\u011flam\u0131na uyuyorsa.<\/p>\n\n\n\n<p>Yukar\u0131daki 2. paragrafta listelenen kurulu\u015flardan biriyseniz ve web sitemize ba\u011flant\u0131 vermekle ilgileniyorsan\u0131z, OxyNitra&#039;ya bir e-posta g\u00f6ndererek bizi bilgilendirmelisiniz. L\u00fctfen ad\u0131n\u0131z\u0131, kurulu\u015funuzun ad\u0131n\u0131, ileti\u015fim bilgilerinizi ve sitenizin URL&#039;sini, Web Sitemize ba\u011flanmak istedi\u011finiz URL&#039;lerin bir listesini ve sitemizden ba\u011flanmak istedi\u011finiz URL&#039;lerin bir listesini ekleyin. ba\u011flant\u0131. Yan\u0131t i\u00e7in 2-3 hafta bekleyin.<\/p>\n\n\n\n<p>Onayl\u0131 kurulu\u015flar Web Sitemize a\u015fa\u011f\u0131daki \u015fekilde hiper ba\u011flant\u0131 verebilir:<\/p>\n\n\n\n<ul class=\"wp-block-list\">\n<li>Kurumsal ismimizi kullanmak suretiyle; veya<\/li>\n\n\n\n<li>Ba\u011flant\u0131l\u0131 olan tek tip kaynak bulucu kullan\u0131larak; veya<\/li>\n\n\n\n<li>Ba\u011flant\u0131 verilen Web Sitemizin ba\u015fka herhangi bir a\u00e7\u0131klamas\u0131n\u0131n kullan\u0131lmas\u0131, ba\u011flant\u0131 veren taraf\u0131n sitesindeki i\u00e7eri\u011fin ba\u011flam\u0131 ve format\u0131 dahilinde anlaml\u0131d\u0131r.<\/li>\n<\/ul>\n\n\n\n<p>Bir ticari marka lisans s\u00f6zle\u015fmesi olmad\u0131\u011f\u0131nda OxyNitra&#039;n\u0131n logosunun veya di\u011fer sanat eserlerinin ba\u011flant\u0131 amac\u0131yla kullan\u0131lmas\u0131na izin verilmeyecektir.<\/p>\n\n\n\n<h3 class=\"wp-block-heading\"><strong>iFrame&#039;ler<\/strong><\/h3>\n\n\n\n<p>\u00d6nceden onay ve yaz\u0131l\u0131 izin olmadan, Web Sayfalar\u0131m\u0131z\u0131n \u00e7evresinde Web Sitemizin g\u00f6rsel sunumunu veya g\u00f6r\u00fcn\u00fcm\u00fcn\u00fc herhangi bir \u015fekilde de\u011fi\u015ftiren \u00e7er\u00e7eveler olu\u015fturamazs\u0131n\u0131z.<\/p>\n\n\n\n<h3 class=\"wp-block-heading\"><strong>\u0130\u00e7erik Sorumlulu\u011fu<\/strong><\/h3>\n\n\n\n<p>Web sitenizde g\u00f6r\u00fcnen hi\u00e7bir i\u00e7erikten sorumlu tutulmayaca\u011f\u0131z. Web sitenizde ortaya \u00e7\u0131kan t\u00fcm iddialara kar\u015f\u0131 bizi korumay\u0131 ve savunmay\u0131 kabul edersiniz. Hi\u00e7bir Web Sitesinde iftira niteli\u011finde, m\u00fcstehcen veya cezai olarak yorumlanabilecek veya herhangi bir \u00fc\u00e7\u00fcnc\u00fc taraf hakk\u0131n\u0131 ihlal eden, ba\u015fka \u015fekilde ihlal eden veya ihlal edilmesini veya ba\u015fka bir \u015fekilde ihlal edilmesini savunan hi\u00e7bir ba\u011flant\u0131\/ba\u011flant\u0131lar g\u00f6r\u00fcnmemelidir.<\/p>\n\n\n\n<h3 class=\"wp-block-heading\"><strong>Haklar\u0131n Sakl\u0131 Tutulmas\u0131<\/strong><\/h3>\n\n\n\n<p>Web Sitemize olan t\u00fcm ba\u011flant\u0131lar\u0131 veya belirli bir ba\u011flant\u0131y\u0131 kald\u0131rman\u0131z\u0131 talep etme hakk\u0131m\u0131z\u0131 sakl\u0131 tutuyoruz. Talep \u00fczerine Web Sitemize olan t\u00fcm ba\u011flant\u0131lar\u0131n derhal kald\u0131r\u0131lmas\u0131n\u0131 onayl\u0131yorsunuz. Ayr\u0131ca bu \u015fartlar ve ko\u015fullar ile ba\u011flama politikas\u0131nda herhangi bir zamanda de\u011fi\u015fiklik yapma hakk\u0131n\u0131 sakl\u0131 tutuyoruz. Web Sitemize s\u00fcrekli olarak ba\u011flanarak, bu ba\u011flant\u0131 \u015fart ve ko\u015fullar\u0131na ba\u011fl\u0131 kalmay\u0131 ve bunlara uymay\u0131 kabul etmi\u015f olursunuz.<\/p>\n\n\n\n<h3 class=\"wp-block-heading\"><strong>Web sitemizden ba\u011flant\u0131lar\u0131n kald\u0131r\u0131lmas\u0131<\/strong><\/h3>\n\n\n\n<p>Web sitemizde herhangi bir nedenle rahats\u0131z edici bir ba\u011flant\u0131 bulursan\u0131z, istedi\u011finiz zaman bizimle ileti\u015fime ge\u00e7ebilir ve bizi bilgilendirebilirsiniz. Ba\u011flant\u0131lar\u0131n kald\u0131r\u0131lmas\u0131na y\u00f6nelik talepleri dikkate alaca\u011f\u0131z ancak size do\u011frudan yan\u0131t vermekle y\u00fck\u00fcml\u00fc de\u011filiz.<\/p>\n\n\n\n<p>Bu web sitesindeki bilgilerin do\u011fru oldu\u011funu garanti etmiyoruz, eksiksizli\u011fini veya do\u011frulu\u011funu garanti etmiyoruz; ayr\u0131ca web sitesinin kullan\u0131labilir kalmas\u0131n\u0131 veya web sitesindeki materyalin g\u00fcncel tutulmas\u0131n\u0131 garanti etmeyi de taahh\u00fct etmiyoruz.<\/p>\n\n\n\n<h3 class=\"wp-block-heading\"><strong>Sorumluluk reddi beyan\u0131<\/strong><\/h3>\n\n\n\n<p>Ge\u00e7erli yasalar\u0131n izin verdi\u011fi azami \u00f6l\u00e7\u00fcde, web sitemize ve bu web sitesinin kullan\u0131m\u0131na ili\u015fkin t\u00fcm beyanlar\u0131, garantileri ve ko\u015fullar\u0131 hari\u00e7 tutuyoruz. Bu sorumluluk reddi beyan\u0131ndaki hi\u00e7bir \u015fey:<\/p>\n\n\n\n<ul class=\"wp-block-list\">\n<li>\u00f6l\u00fcm veya ki\u015fisel yaralanmaya ili\u015fkin sorumlulu\u011fumuzu veya sorumlulu\u011funuzu s\u0131n\u0131rlamak veya hari\u00e7 tutmak;<\/li>\n\n\n\n<li>Doland\u0131r\u0131c\u0131l\u0131k veya hileli yanl\u0131\u015f beyana ili\u015fkin sorumlulu\u011fumuzu veya sorumlulu\u011funuzu s\u0131n\u0131rlamak veya hari\u00e7 tutmak;<\/li>\n\n\n\n<li>Y\u00fcr\u00fcrl\u00fckteki kanunlar kapsam\u0131nda izin verilmeyen herhangi bir \u015fekilde bizim veya sizin sorumluluklar\u0131n\u0131z\u0131n herhangi birini s\u0131n\u0131rlamak; veya<\/li>\n\n\n\n<li>Y\u00fcr\u00fcrl\u00fckteki yasalar kapsam\u0131nda hari\u00e7 tutulamayacak herhangi bir sorumlulu\u011fumuzu veya y\u00fck\u00fcml\u00fcl\u00fcklerinizi hari\u00e7 tutamazs\u0131n\u0131z.<\/li>\n<\/ul>\n\n\n\n<p>Bu B\u00f6l\u00fcmde ve bu sorumluluk reddi beyan\u0131n\u0131n ba\u015fka yerlerinde belirtilen sorumluluk s\u0131n\u0131rlamalar\u0131 ve yasaklar\u0131: (a) \u00f6nceki paragrafa tabidir; ve (b) s\u00f6zle\u015fmeden, haks\u0131z fiilden ve yasal g\u00f6revin ihlalinden kaynaklanan y\u00fck\u00fcml\u00fcl\u00fckler de dahil olmak \u00fczere sorumluluk reddi kapsam\u0131nda ortaya \u00e7\u0131kan t\u00fcm y\u00fck\u00fcml\u00fcl\u00fckleri y\u00f6netecektir.<\/p>\n\n\n\n<p>Web sitesi ve web sitesindeki bilgi ve hizmetler \u00fccretsiz olarak sa\u011fland\u0131\u011f\u0131 s\u00fcrece, her t\u00fcrl\u00fc kay\u0131p veya zarardan sorumlu olmayaca\u011f\u0131z.<\/p>","protected":false},"excerpt":{"rendered":"<p>\u015eartlar ve Ko\u015fullar OxyNitra'ya Ho\u015f Geldiniz! Bu h\u00fck\u00fcm ve ko\u015fullar, oxynitra.com adresinde bulunan OxyNitra Web Sitesinin kullan\u0131m\u0131na ili\u015fkin kural ve d\u00fczenlemeleri \u00f6zetlemektedir. Bu web sitesine eri\u015ferek bu h\u00fck\u00fcm ve ko\u015fullar\u0131 kabul etti\u011finizi varsay\u0131yoruz. T\u00fcm h\u00fck\u00fcm ve ko\u015fullar\u0131 kabul etmiyorsan\u0131z OxyNitra'y\u0131 kullanmaya devam etmeyin [...]<\/p>","protected":false},"author":1,"featured_media":0,"parent":0,"menu_order":0,"comment_status":"closed","ping_status":"closed","template":"","meta":{"site-sidebar-layout":"default","site-content-layout":"","ast-site-content-layout":"default","site-content-style":"default","site-sidebar-style":"default","ast-global-header-display":"","ast-banner-title-visibility":"","ast-main-header-display":"","ast-hfb-above-header-display":"","ast-hfb-below-header-display":"","ast-hfb-mobile-header-display":"","site-post-title":"disabled","ast-breadcrumbs-content":"","ast-featured-img":"","footer-sml-layout":"","ast-disable-related-posts":"","theme-transparent-header-meta":"","adv-header-id-meta":"","stick-header-meta":"","header-above-stick-meta":"","header-main-stick-meta":"","header-below-stick-meta":"","astra-migrate-meta-layouts":"set","ast-page-background-enabled":"default","ast-page-background-meta":{"desktop":{"background-color":"var(--ast-global-color-4)","background-image":"","background-repeat":"repeat","background-position":"center center","background-size":"auto","background-attachment":"scroll","background-type":"","background-media":"","overlay-type":"","overlay-color":"","overlay-opacity":"","overlay-gradient":""},"tablet":{"background-color":"","background-image":"","background-repeat":"repeat","background-position":"center center","background-size":"auto","background-attachment":"scroll","background-type":"","background-media":"","overlay-type":"","overlay-color":"","overlay-opacity":"","overlay-gradient":""},"mobile":{"background-color":"","background-image":"","background-repeat":"repeat","background-position":"center center","background-size":"auto","background-attachment":"scroll","background-type":"","background-media":"","overlay-type":"","overlay-color":"","overlay-opacity":"","overlay-gradient":""}},"ast-content-background-meta":{"desktop":{"background-color":"var(--ast-global-color-5)","background-image":"","background-repeat":"repeat","background-position":"center center","background-size":"auto","background-attachment":"scroll","background-type":"","background-media":"","overlay-type":"","overlay-color":"","overlay-opacity":"","overlay-gradient":""},"tablet":{"background-color":"var(--ast-global-color-5)","background-image":"","background-repeat":"repeat","background-position":"center center","background-size":"auto","background-attachment":"scroll","background-type":"","background-media":"","overlay-type":"","overlay-color":"","overlay-opacity":"","overlay-gradient":""},"mobile":{"background-color":"var(--ast-global-color-5)","background-image":"","background-repeat":"repeat","background-position":"center center","background-size":"auto","background-attachment":"scroll","background-type":"","background-media":"","overlay-type":"","overlay-color":"","overlay-opacity":"","overlay-gradient":""}},"footnotes":""},"class_list":["post-1200","page","type-page","status-publish","hentry"],"_links":{"self":[{"href":"https:\/\/oxynitra.com\/tr\/wp-json\/wp\/v2\/pages\/1200","targetHints":{"allow":["GET"]}}],"collection":[{"href":"https:\/\/oxynitra.com\/tr\/wp-json\/wp\/v2\/pages"}],"about":[{"href":"https:\/\/oxynitra.com\/tr\/wp-json\/wp\/v2\/types\/page"}],"author":[{"embeddable":true,"href":"https:\/\/oxynitra.com\/tr\/wp-json\/wp\/v2\/users\/1"}],"replies":[{"embeddable":true,"href":"https:\/\/oxynitra.com\/tr\/wp-json\/wp\/v2\/comments?post=1200"}],"version-history":[{"count":0,"href":"https:\/\/oxynitra.com\/tr\/wp-json\/wp\/v2\/pages\/1200\/revisions"}],"wp:attachment":[{"href":"https:\/\/oxynitra.com\/tr\/wp-json\/wp\/v2\/media?parent=1200"}],"curies":[{"name":"wp","href":"https:\/\/api.w.org\/{rel}","templated":true}]}}