{"id":1205,"date":"2023-08-13T16:54:34","date_gmt":"2023-08-13T08:54:34","guid":{"rendered":"https:\/\/oxynitra.com\/?page_id=1205"},"modified":"2023-08-15T11:52:04","modified_gmt":"2023-08-15T03:52:04","slug":"privacy-policy","status":"publish","type":"page","link":"https:\/\/oxynitra.com\/tr\/gi\u0307zli\u0307li\u0307k-poli\u0307ti\u0307kasi\/","title":{"rendered":"Gizlilik Politikas\u0131"},"content":{"rendered":"<h1 class=\"wp-block-heading has-text-align-center\">OxyNitra i\u00e7in Gizlilik Politikas\u0131<\/h1>\n\n\n\n<p>oxynitra.com adresinden eri\u015filebilen OxyNitra'da ana \u00f6nceliklerimizden biri ziyaret\u00e7ilerimizin gizlili\u011fidir. Bu Gizlilik Politikas\u0131 belgesi, OxyNitra taraf\u0131ndan toplanan ve kaydedilen bilgi t\u00fcrlerini ve bunlar\u0131 nas\u0131l kulland\u0131\u011f\u0131m\u0131z\u0131 i\u00e7erir.<\/p>\n\n\n\n<p>Ek sorular\u0131n\u0131z varsa veya Gizlilik Politikam\u0131z hakk\u0131nda daha fazla bilgiye ihtiyac\u0131n\u0131z varsa, bizimle ileti\u015fime ge\u00e7mekten \u00e7ekinmeyin.<\/p>\n\n\n\n<h2 class=\"wp-block-heading\">G\u00fcnl\u00fck Dosyalar\u0131<\/h2>\n\n\n\n<p>OxyNitra, g\u00fcnl\u00fck dosyalar\u0131n\u0131 kullanmak i\u00e7in standart bir prosed\u00fcr izler. Bu dosyalar, web sitelerini ziyaret ettiklerinde ziyaret\u00e7ileri kaydeder. T\u00fcm bar\u0131nd\u0131rma \u015firketleri bunu yapar ve bar\u0131nd\u0131rma hizmetlerinin analitiklerinin bir par\u00e7as\u0131d\u0131r. G\u00fcnl\u00fck dosyalar\u0131 taraf\u0131ndan toplanan bilgiler aras\u0131nda internet protokol\u00fc (IP) adresleri, taray\u0131c\u0131 t\u00fcr\u00fc, \u0130nternet Servis Sa\u011flay\u0131c\u0131s\u0131 (ISP), tarih ve saat damgas\u0131, y\u00f6nlendirme\/\u00e7\u0131k\u0131\u015f sayfalar\u0131 ve muhtemelen t\u0131klama say\u0131s\u0131 bulunur. Bunlar ki\u015fisel olarak tan\u0131mlanabilecek herhangi bir bilgiyle ba\u011flant\u0131l\u0131 de\u011fildir. Bu bilgilerin amac\u0131 e\u011filimleri analiz etmek, siteyi y\u00f6netmek, kullan\u0131c\u0131lar\u0131n web sitesindeki hareketlerini izlemek ve demografik bilgi toplamakt\u0131r.<\/p>\n\n\n\n<h2 class=\"wp-block-heading\">\u00c7erezler ve Web \u0130\u015faret\u00e7ileri<\/h2>\n\n\n\n<p>Di\u011fer t\u00fcm web siteleri gibi OxyNitra da \"\u00e7erezler\" kullan\u0131r. Bu \u00e7erezler, ziyaret\u00e7ilerin tercihleri ve ziyaret\u00e7inin web sitesinde eri\u015fti\u011fi veya ziyaret etti\u011fi sayfalar dahil olmak \u00fczere bilgileri saklamak i\u00e7in kullan\u0131l\u0131r. Bu bilgiler, web sayfas\u0131 i\u00e7eri\u011fimizi ziyaret\u00e7ilerin taray\u0131c\u0131 t\u00fcr\u00fcne ve\/veya di\u011fer bilgilerine g\u00f6re \u00f6zelle\u015ftirerek kullan\u0131c\u0131lar\u0131n deneyimini optimize etmek i\u00e7in kullan\u0131l\u0131r.<\/p>\n\n\n\n<h2 class=\"wp-block-heading\">Google DoubleClick DART \u00c7erezi<\/h2>\n\n\n\n<p>Google, sitemizdeki \u00fc\u00e7\u00fcnc\u00fc taraf sat\u0131c\u0131lardan biridir. Ayr\u0131ca, www.website.com ve internetteki di\u011fer sitelere yapt\u0131klar\u0131 ziyaretlere dayanarak site ziyaret\u00e7ilerimize reklam sunmak i\u00e7in DART \u00e7erezleri olarak bilinen \u00e7erezleri kullan\u0131r. Ancak ziyaret\u00e7iler, a\u015fa\u011f\u0131daki URL'de yer alan Google reklam ve i\u00e7erik a\u011f\u0131 Gizlilik Politikas\u0131n\u0131 ziyaret ederek DART \u00e7erezlerinin kullan\u0131m\u0131n\u0131 reddetmeyi se\u00e7ebilirler - <a href=\"https:\/\/policies.google.com\/technologies\/ads\" target=\"_blank\" rel=\"noopener\">https:\/\/policies.google.com\/technologies\/ads<\/a><\/p>\n\n\n\n<h2 class=\"wp-block-heading\">Reklam Ortaklar\u0131m\u0131z<\/h2>\n\n\n\n<p>Sitemizdeki baz\u0131 reklamverenler \u00e7erezler ve web i\u015faret\u00e7ileri kullanabilir. Reklam ortaklar\u0131m\u0131z a\u015fa\u011f\u0131da listelenmi\u015ftir. Reklam ortaklar\u0131m\u0131z\u0131n her biri, kullan\u0131c\u0131 verilerine ili\u015fkin politikalar\u0131 i\u00e7in kendi Gizlilik Politikalar\u0131na sahiptir. Daha kolay eri\u015fim i\u00e7in, a\u015fa\u011f\u0131da Gizlilik Politikalar\u0131na k\u00f6pr\u00fc olu\u015fturduk.<\/p>\n\n\n\n<ul class=\"wp-block-list\">\n<li>Google <a href=\"https:\/\/policies.google.com\/technologies\/ads\" target=\"_blank\" rel=\"noopener\">https:\/\/policies.google.com\/technologies\/ads<\/a><\/li>\n<\/ul>\n\n\n\n<h2 class=\"wp-block-heading\">Gizlilik Politikalar\u0131<\/h2>\n\n\n\n<p>OxyNitra'n\u0131n reklam ortaklar\u0131n\u0131n her birinin Gizlilik Politikas\u0131n\u0131 bulmak i\u00e7in bu listeye ba\u015fvurabilirsiniz.<\/p>\n\n\n\n<p>\u00dc\u00e7\u00fcnc\u00fc taraf reklam sunucular\u0131 veya reklam a\u011flar\u0131, OxyNitra'da g\u00f6r\u00fcnen ve do\u011frudan kullan\u0131c\u0131lar\u0131n taray\u0131c\u0131s\u0131na g\u00f6nderilen ilgili reklamlar\u0131nda ve ba\u011flant\u0131lar\u0131nda kullan\u0131lan \u00e7erezler, JavaScript veya Web \u0130\u015faret\u00e7ileri gibi teknolojileri kullan\u0131r. Bu ger\u00e7ekle\u015fti\u011finde IP adresinizi otomatik olarak al\u0131rlar. Bu teknolojiler, reklam kampanyalar\u0131n\u0131n etkinli\u011fini \u00f6l\u00e7mek ve\/veya ziyaret etti\u011finiz web sitelerinde g\u00f6rd\u00fc\u011f\u00fcn\u00fcz reklam i\u00e7eri\u011fini ki\u015fiselle\u015ftirmek i\u00e7in kullan\u0131l\u0131r.<\/p>\n\n\n\n<p>OxyNitra'n\u0131n \u00fc\u00e7\u00fcnc\u00fc taraf reklamc\u0131lar taraf\u0131ndan kullan\u0131lan bu \u00e7erezlere eri\u015fimi veya kontrol\u00fc olmad\u0131\u011f\u0131n\u0131 unutmay\u0131n.<\/p>\n\n\n\n<h2 class=\"wp-block-heading\">\u00dc\u00e7\u00fcnc\u00fc Taraf Gizlilik Politikalar\u0131<\/h2>\n\n\n\n<p>OxyNitra'n\u0131n Gizlilik Politikas\u0131 di\u011fer reklamverenler veya web siteleri i\u00e7in ge\u00e7erli de\u011fildir. Bu nedenle, daha ayr\u0131nt\u0131l\u0131 bilgi i\u00e7in bu \u00fc\u00e7\u00fcnc\u00fc taraf reklam sunucular\u0131n\u0131n ilgili Gizlilik Politikalar\u0131na ba\u015fvurman\u0131z\u0131 tavsiye ederiz. Bu, onlar\u0131n uygulamalar\u0131n\u0131 ve belirli se\u00e7eneklerden nas\u0131l vazge\u00e7ilece\u011fine ili\u015fkin talimatlar\u0131 i\u00e7erebilir.<\/p>\n\n\n\n<p>Bireysel taray\u0131c\u0131 se\u00e7enekleriniz arac\u0131l\u0131\u011f\u0131yla \u00e7erezleri devre d\u0131\u015f\u0131 b\u0131rakmay\u0131 se\u00e7ebilirsiniz. Belirli web taray\u0131c\u0131lar\u0131 ile \u00e7erez y\u00f6netimi hakk\u0131nda daha ayr\u0131nt\u0131l\u0131 bilgi edinmek i\u00e7in, taray\u0131c\u0131lar\u0131n ilgili web sitelerinde bulunabilir. \u00c7erezler Nedir?<\/p>\n\n\n\n<h2 class=\"wp-block-heading\">\u00c7ocuk Bilgileri<\/h2>\n\n\n\n<p>\u00d6nceli\u011fimizin bir di\u011fer par\u00e7as\u0131 da \u00e7ocuklar\u0131n interneti kullan\u0131rken korunmas\u0131n\u0131 sa\u011flamakt\u0131r. Ebeveynleri ve velileri \u00e7ocuklar\u0131n \u00e7evrimi\u00e7i faaliyetlerini g\u00f6zlemlemeye, bunlara kat\u0131lmaya ve\/veya izlemeye ve y\u00f6nlendirmeye te\u015fvik ediyoruz.<\/p>\n\n\n\n<p>OxyNitra, 13 ya\u015f\u0131n alt\u0131ndaki \u00e7ocuklardan bilerek herhangi bir Ki\u015fisel Tan\u0131mlanabilir Bilgi toplamaz. \u00c7ocu\u011funuzun web sitemizde bu t\u00fcr bir bilgi sa\u011flad\u0131\u011f\u0131n\u0131 d\u00fc\u015f\u00fcn\u00fcyorsan\u0131z, derhal bizimle ileti\u015fime ge\u00e7menizi \u015fiddetle tavsiye ederiz ve bu t\u00fcr bilgileri kay\u0131tlar\u0131m\u0131zdan derhal kald\u0131rmak i\u00e7in elimizden gelen \u00e7abay\u0131 g\u00f6sterece\u011fiz.<\/p>\n\n\n\n<h2 class=\"wp-block-heading\">Yaln\u0131zca \u00c7evrimi\u00e7i Gizlilik Politikas\u0131<\/h2>\n\n\n\n<p>Bu Gizlilik Politikas\u0131 yaln\u0131zca \u00e7evrimi\u00e7i faaliyetlerimiz i\u00e7in ge\u00e7erlidir ve OxyNitra'da payla\u015ft\u0131klar\u0131 ve\/veya toplad\u0131klar\u0131 bilgilerle ilgili olarak web sitemizi ziyaret edenler i\u00e7in ge\u00e7erlidir. Bu politika, \u00e7evrimd\u0131\u015f\u0131 olarak veya bu web sitesi d\u0131\u015f\u0131ndaki kanallar arac\u0131l\u0131\u011f\u0131yla toplanan hi\u00e7bir bilgi i\u00e7in ge\u00e7erli de\u011fildir.<\/p>\n\n\n\n<h2 class=\"wp-block-heading\">R\u0131za<\/h2>\n\n\n\n<p>Web sitemizi kullanarak, Gizlilik Politikam\u0131z\u0131 onaylam\u0131\u015f ve \u015eartlar ve Ko\u015fullar\u0131n\u0131 kabul etmi\u015f olursunuz.<\/p>","protected":false},"excerpt":{"rendered":"<p>OxyNitra i\u00e7in Gizlilik Politikas\u0131 oxynitra.com adresinden eri\u015filebilen OxyNitra'da temel \u00f6nceliklerimizden biri ziyaret\u00e7ilerimizin gizlili\u011fidir. Bu Gizlilik Politikas\u0131 belgesi, OxyNitra taraf\u0131ndan toplanan ve kaydedilen bilgi t\u00fcrlerini ve bunlar\u0131 nas\u0131l kulland\u0131\u011f\u0131m\u0131z\u0131 i\u00e7erir. Ek sorular\u0131n\u0131z varsa veya Gizlilik Politikam\u0131z hakk\u0131nda daha fazla bilgiye ihtiyac\u0131n\u0131z varsa, [...]<\/p>","protected":false},"author":1,"featured_media":0,"parent":0,"menu_order":0,"comment_status":"closed","ping_status":"closed","template":"","meta":{"site-sidebar-layout":"default","site-content-layout":"","ast-site-content-layout":"default","site-content-style":"default","site-sidebar-style":"default","ast-global-header-display":"","ast-banner-title-visibility":"","ast-main-header-display":"","ast-hfb-above-header-display":"","ast-hfb-below-header-display":"","ast-hfb-mobile-header-display":"","site-post-title":"disabled","ast-breadcrumbs-content":"","ast-featured-img":"","footer-sml-layout":"","ast-disable-related-posts":"","theme-transparent-header-meta":"","adv-header-id-meta":"","stick-header-meta":"","header-above-stick-meta":"","header-main-stick-meta":"","header-below-stick-meta":"","astra-migrate-meta-layouts":"set","ast-page-background-enabled":"default","ast-page-background-meta":{"desktop":{"background-color":"var(--ast-global-color-4)","background-image":"","background-repeat":"repeat","background-position":"center center","background-size":"auto","background-attachment":"scroll","background-type":"","background-media":"","overlay-type":"","overlay-color":"","overlay-opacity":"","overlay-gradient":""},"tablet":{"background-color":"","background-image":"","background-repeat":"repeat","background-position":"center center","background-size":"auto","background-attachment":"scroll","background-type":"","background-media":"","overlay-type":"","overlay-color":"","overlay-opacity":"","overlay-gradient":""},"mobile":{"background-color":"","background-image":"","background-repeat":"repeat","background-position":"center center","background-size":"auto","background-attachment":"scroll","background-type":"","background-media":"","overlay-type":"","overlay-color":"","overlay-opacity":"","overlay-gradient":""}},"ast-content-background-meta":{"desktop":{"background-color":"var(--ast-global-color-5)","background-image":"","background-repeat":"repeat","background-position":"center center","background-size":"auto","background-attachment":"scroll","background-type":"","background-media":"","overlay-type":"","overlay-color":"","overlay-opacity":"","overlay-gradient":""},"tablet":{"background-color":"var(--ast-global-color-5)","background-image":"","background-repeat":"repeat","background-position":"center center","background-size":"auto","background-attachment":"scroll","background-type":"","background-media":"","overlay-type":"","overlay-color":"","overlay-opacity":"","overlay-gradient":""},"mobile":{"background-color":"var(--ast-global-color-5)","background-image":"","background-repeat":"repeat","background-position":"center center","background-size":"auto","background-attachment":"scroll","background-type":"","background-media":"","overlay-type":"","overlay-color":"","overlay-opacity":"","overlay-gradient":""}},"footnotes":""},"class_list":["post-1205","page","type-page","status-publish","hentry"],"_links":{"self":[{"href":"https:\/\/oxynitra.com\/tr\/wp-json\/wp\/v2\/pages\/1205","targetHints":{"allow":["GET"]}}],"collection":[{"href":"https:\/\/oxynitra.com\/tr\/wp-json\/wp\/v2\/pages"}],"about":[{"href":"https:\/\/oxynitra.com\/tr\/wp-json\/wp\/v2\/types\/page"}],"author":[{"embeddable":true,"href":"https:\/\/oxynitra.com\/tr\/wp-json\/wp\/v2\/users\/1"}],"replies":[{"embeddable":true,"href":"https:\/\/oxynitra.com\/tr\/wp-json\/wp\/v2\/comments?post=1205"}],"version-history":[{"count":0,"href":"https:\/\/oxynitra.com\/tr\/wp-json\/wp\/v2\/pages\/1205\/revisions"}],"wp:attachment":[{"href":"https:\/\/oxynitra.com\/tr\/wp-json\/wp\/v2\/media?parent=1205"}],"curies":[{"name":"wp","href":"https:\/\/api.w.org\/{rel}","templated":true}]}}