{"id":852,"date":"2023-08-11T14:30:35","date_gmt":"2023-08-11T06:30:35","guid":{"rendered":"https:\/\/oxynitra.com\/?page_id=852"},"modified":"2023-10-22T19:17:33","modified_gmt":"2023-10-22T11:17:33","slug":"99-5-high-purity-oxygen-generator","status":"publish","type":"page","link":"https:\/\/oxynitra.com\/tr\/99-5-yuksek-saflikta-oksijen-jeneratoru\/","title":{"rendered":"99.5% Y\u00fcksek Safl\u0131kta Oksijen Jenerat\u00f6r\u00fc"},"content":{"rendered":"<div data-elementor-type=\"wp-page\" data-elementor-id=\"852\" class=\"elementor elementor-852\" data-elementor-post-type=\"page\">\n\t\t\t\t<div class=\"elementor-element elementor-element-994c12f e-flex e-con-boxed e-con e-parent\" data-id=\"994c12f\" data-element_type=\"container\" data-e-type=\"container\" data-settings=\"{&quot;background_background&quot;:&quot;classic&quot;}\">\n\t\t\t\t\t<div class=\"e-con-inner\">\n\t\t<div class=\"elementor-element elementor-element-7b5dd41 e-con-full e-flex e-con e-child\" data-id=\"7b5dd41\" data-element_type=\"container\" data-e-type=\"container\">\n\t\t\t\t<div class=\"elementor-element elementor-element-bd89d57 elementor-widget elementor-widget-shortcode\" data-id=\"bd89d57\" data-element_type=\"widget\" data-e-type=\"widget\" data-widget_type=\"shortcode.default\">\n\t\t\t\t<div class=\"elementor-widget-container\">\n\t\t\t\t\t\t\t<div class=\"elementor-shortcode\"><div class=\"ast-breadcrumbs-wrapper\">\n\t\t\t<div class=\"ast-breadcrumbs-inner\"><nav role=\"navigation\" aria-label=\"Gezinti ba\u011flant\u0131lar\u0131\" class=\"breadcrumb-trail breadcrumbs\" ><div class=\"ast-breadcrumbs\"><ul class=\"trail-items\" ><li  class=\"trail-item trail-end\"><span><a href=\"https:\/\/oxynitra.com\/tr\/\" rel=\"home\"><span >Ana sayfa<\/span><\/a><\/span><\/li><\/ul><\/div><\/nav><\/div>\n\t\t<\/div><\/div>\n\t\t\t\t\t\t<\/div>\n\t\t\t\t<\/div>\n\t\t\t\t<div class=\"elementor-element elementor-element-acc4cb6 elementor-widget elementor-widget-heading\" data-id=\"acc4cb6\" data-element_type=\"widget\" data-e-type=\"widget\" data-settings=\"{&quot;_animation&quot;:&quot;none&quot;}\" data-widget_type=\"heading.default\">\n\t\t\t\t<div class=\"elementor-widget-container\">\n\t\t\t\t\t<h1 class=\"elementor-heading-title elementor-size-default\">99.5% Y\u00fcksek Safl\u0131kta Oksijen Jenerat\u00f6r\u00fc<\/h1>\t\t\t\t<\/div>\n\t\t\t\t<\/div>\n\t\t\t\t<div class=\"elementor-element elementor-element-60f1670 elementor-widget elementor-widget-heading\" data-id=\"60f1670\" data-element_type=\"widget\" data-e-type=\"widget\" data-widget_type=\"heading.default\">\n\t\t\t\t<div class=\"elementor-widget-container\">\n\t\t\t\t\t<h2 class=\"elementor-heading-title elementor-size-default\">Ultra Y\u00fcksek Safl\u0131kta, \u00d6zel Tasar\u0131ml\u0131, Yerinde Oksijen Temini<\/h2>\t\t\t\t<\/div>\n\t\t\t\t<\/div>\n\t\t\t\t<div class=\"elementor-element elementor-element-aa5260c elementor-widget elementor-widget-text-editor\" data-id=\"aa5260c\" data-element_type=\"widget\" data-e-type=\"widget\" data-widget_type=\"text-editor.default\">\n\t\t\t\t<div class=\"elementor-widget-container\">\n\t\t\t\t\t\t\t\t\t<p>OxyNitra ultra y\u00fcksek safl\u0131kta oksijen jenerat\u00f6r\u00fc, eser miktarda kirletici i\u00e7ermeyen 99,5% saf oksijeni g\u00fcvenilir bir \u015fekilde \u00fcretmek i\u00e7in \u00e7ok a\u015famal\u0131 PSA teknolojisini kullan\u0131r.<\/p><p>Ultra y\u00fcksek safl\u0131kta oksijene ihtiya\u00e7 duyan hastaneler, sa\u011fl\u0131k merkezleri i\u00e7in idealdir.<\/p>\t\t\t\t\t\t\t\t<\/div>\n\t\t\t\t<\/div>\n\t\t\t\t<div class=\"elementor-element elementor-element-e492057 elementor-align-center elementor-widget elementor-widget-button\" data-id=\"e492057\" data-element_type=\"widget\" data-e-type=\"widget\" data-widget_type=\"button.default\">\n\t\t\t\t<div class=\"elementor-widget-container\">\n\t\t\t\t\t\t\t\t\t<div class=\"elementor-button-wrapper\">\n\t\t\t\t\t<a class=\"elementor-button elementor-button-link elementor-size-sm\" href=\"#elementor-action:action=popup:open&settings=eyJpZCI6IjExMzkiLCJ0b2dnbGUiOmZhbHNlfQ==\">\n\t\t\t\t\t\t<span class=\"elementor-button-content-wrapper\">\n\t\t\t\t\t\t\t\t\t<span class=\"elementor-button-text\">Teklif \u0130steyin<\/span>\n\t\t\t\t\t<\/span>\n\t\t\t\t\t<\/a>\n\t\t\t\t<\/div>\n\t\t\t\t\t\t\t\t<\/div>\n\t\t\t\t<\/div>\n\t\t\t\t<\/div>\n\t\t<div class=\"elementor-element elementor-element-5383f8f e-con-full e-flex e-con e-child\" data-id=\"5383f8f\" data-element_type=\"container\" data-e-type=\"container\">\n\t\t\t\t<div class=\"elementor-element elementor-element-c3c73e2 elementor-widget elementor-widget-image\" data-id=\"c3c73e2\" data-element_type=\"widget\" data-e-type=\"widget\" data-widget_type=\"image.default\">\n\t\t\t\t<div class=\"elementor-widget-container\">\n\t\t\t\t\t\t\t\t\t\t\t\t\t\t\t<img fetchpriority=\"high\" decoding=\"async\" width=\"1150\" height=\"600\" src=\"https:\/\/oxynitra.com\/wp-content\/uploads\/2023\/08\/99.5-High-Purity-Oxygen-Generator.jpg\" class=\"attachment-full size-full wp-image-1069\" alt=\"99.5% Y\u00fcksek Safl\u0131kta Oksijen Jenerat\u00f6r\u00fc\" srcset=\"https:\/\/oxynitra.com\/wp-content\/uploads\/2023\/08\/99.5-High-Purity-Oxygen-Generator.jpg 1150w, https:\/\/oxynitra.com\/wp-content\/uploads\/2023\/08\/99.5-High-Purity-Oxygen-Generator-300x157.jpg 300w, https:\/\/oxynitra.com\/wp-content\/uploads\/2023\/08\/99.5-High-Purity-Oxygen-Generator-1024x534.jpg 1024w, https:\/\/oxynitra.com\/wp-content\/uploads\/2023\/08\/99.5-High-Purity-Oxygen-Generator-768x401.jpg 768w\" sizes=\"(max-width: 1150px) 100vw, 1150px\" \/>\t\t\t\t\t\t\t\t\t\t\t\t\t\t\t<\/div>\n\t\t\t\t<\/div>\n\t\t\t\t<div class=\"elementor-element elementor-element-6b8cd32 elementor-icon-list--layout-traditional elementor-list-item-link-full_width elementor-widget elementor-widget-icon-list\" data-id=\"6b8cd32\" data-element_type=\"widget\" data-e-type=\"widget\" data-widget_type=\"icon-list.default\">\n\t\t\t\t<div class=\"elementor-widget-container\">\n\t\t\t\t\t\t\t<ul class=\"elementor-icon-list-items\">\n\t\t\t\t\t\t\t<li class=\"elementor-icon-list-item\">\n\t\t\t\t\t\t\t\t\t\t\t<span class=\"elementor-icon-list-icon\">\n\t\t\t\t\t\t\t<svg aria-hidden=\"true\" class=\"e-font-icon-svg e-fas-check-circle\" viewbox=\"0 0 512 512\" xmlns=\"http:\/\/www.w3.org\/2000\/svg\"><path d=\"M504 256c0 136.967-111.033 248-248 248S8 392.967 8 256 119.033 8 256 8s248 111.033 248 248zM227.314 387.314l184-184c6.248-6.248 6.248-16.379 0-22.627l-22.627-22.627c-6.248-6.249-16.379-6.249-22.628 0L216 308.118l-70.059-70.059c-6.248-6.248-16.379-6.248-22.628 0l-22.627 22.627c-6.248 6.248-6.248 16.379 0 22.627l104 104c6.249 6.249 16.379 6.249 22.628.001z\"><\/path><\/svg>\t\t\t\t\t\t<\/span>\n\t\t\t\t\t\t\t\t\t\t<span class=\"elementor-icon-list-text\">Oksijen ak\u0131\u015f\u0131: 1~1,000Nm3\/saat<\/span>\n\t\t\t\t\t\t\t\t\t<\/li>\n\t\t\t\t\t\t\t\t<li class=\"elementor-icon-list-item\">\n\t\t\t\t\t\t\t\t\t\t\t<span class=\"elementor-icon-list-icon\">\n\t\t\t\t\t\t\t<svg aria-hidden=\"true\" class=\"e-font-icon-svg e-fas-check-circle\" viewbox=\"0 0 512 512\" xmlns=\"http:\/\/www.w3.org\/2000\/svg\"><path d=\"M504 256c0 136.967-111.033 248-248 248S8 392.967 8 256 119.033 8 256 8s248 111.033 248 248zM227.314 387.314l184-184c6.248-6.248 6.248-16.379 0-22.627l-22.627-22.627c-6.248-6.249-16.379-6.249-22.628 0L216 308.118l-70.059-70.059c-6.248-6.248-16.379-6.248-22.628 0l-22.627 22.627c-6.248 6.248-6.248 16.379 0 22.627l104 104c6.249 6.249 16.379 6.249 22.628.001z\"><\/path><\/svg>\t\t\t\t\t\t<\/span>\n\t\t\t\t\t\t\t\t\t\t<span class=\"elementor-icon-list-text\">Oksijen safl\u0131\u011f\u0131: 80~99.5%<\/span>\n\t\t\t\t\t\t\t\t\t<\/li>\n\t\t\t\t\t\t\t\t<li class=\"elementor-icon-list-item\">\n\t\t\t\t\t\t\t\t\t\t\t<span class=\"elementor-icon-list-icon\">\n\t\t\t\t\t\t\t<svg aria-hidden=\"true\" class=\"e-font-icon-svg e-fas-check-circle\" viewbox=\"0 0 512 512\" xmlns=\"http:\/\/www.w3.org\/2000\/svg\"><path d=\"M504 256c0 136.967-111.033 248-248 248S8 392.967 8 256 119.033 8 256 8s248 111.033 248 248zM227.314 387.314l184-184c6.248-6.248 6.248-16.379 0-22.627l-22.627-22.627c-6.248-6.249-16.379-6.249-22.628 0L216 308.118l-70.059-70.059c-6.248-6.248-16.379-6.248-22.628 0l-22.627 22.627c-6.248 6.248-6.248 16.379 0 22.627l104 104c6.249 6.249 16.379 6.249 22.628.001z\"><\/path><\/svg>\t\t\t\t\t\t<\/span>\n\t\t\t\t\t\t\t\t\t\t<span class=\"elementor-icon-list-text\">Oksijen bas\u0131nc\u0131: 0.5Mpa~1.0Mpa<\/span>\n\t\t\t\t\t\t\t\t\t<\/li>\n\t\t\t\t\t\t\t\t<li class=\"elementor-icon-list-item\">\n\t\t\t\t\t\t\t\t\t\t\t<span class=\"elementor-icon-list-icon\">\n\t\t\t\t\t\t\t<svg aria-hidden=\"true\" class=\"e-font-icon-svg e-fas-check-circle\" viewbox=\"0 0 512 512\" xmlns=\"http:\/\/www.w3.org\/2000\/svg\"><path d=\"M504 256c0 136.967-111.033 248-248 248S8 392.967 8 256 119.033 8 256 8s248 111.033 248 248zM227.314 387.314l184-184c6.248-6.248 6.248-16.379 0-22.627l-22.627-22.627c-6.248-6.249-16.379-6.249-22.628 0L216 308.118l-70.059-70.059c-6.248-6.248-16.379-6.248-22.628 0l-22.627 22.627c-6.248 6.248-6.248 16.379 0 22.627l104 104c6.249 6.249 16.379 6.249 22.628.001z\"><\/path><\/svg>\t\t\t\t\t\t<\/span>\n\t\t\t\t\t\t\t\t\t\t<span class=\"elementor-icon-list-text\">Oksijen \u00e7i\u011flenme noktas\u0131: -70 \u00b0C~-45 \u00b0C<\/span>\n\t\t\t\t\t\t\t\t\t<\/li>\n\t\t\t\t\t\t<\/ul>\n\t\t\t\t\t\t<\/div>\n\t\t\t\t<\/div>\n\t\t\t\t<\/div>\n\t\t\t\t\t<\/div>\n\t\t\t\t<\/div>\n\t\t<div class=\"elementor-element elementor-element-7ab819a6 e-flex e-con-boxed e-con e-parent\" data-id=\"7ab819a6\" data-element_type=\"container\" data-e-type=\"container\" data-settings=\"{&quot;background_background&quot;:&quot;classic&quot;}\">\n\t\t\t\t\t<div class=\"e-con-inner\">\n\t\t<div class=\"elementor-element elementor-element-1768fc6f e-flex e-con-boxed e-con e-child\" data-id=\"1768fc6f\" data-element_type=\"container\" data-e-type=\"container\">\n\t\t\t\t\t<div class=\"e-con-inner\">\n\t\t\t\t<div class=\"elementor-element elementor-element-5b8bd741 elementor-invisible elementor-widget elementor-widget-heading\" data-id=\"5b8bd741\" data-element_type=\"widget\" data-e-type=\"widget\" data-settings=\"{&quot;_animation&quot;:&quot;fadeInUp&quot;}\" data-widget_type=\"heading.default\">\n\t\t\t\t<div class=\"elementor-widget-container\">\n\t\t\t\t\t<h2 class=\"elementor-heading-title elementor-size-default\">OxyNitra 99.5% Y\u00fcksek Safl\u0131kta Oksijen Jenerat\u00f6r\u00fcn\u00fcn Hikayesi<\/h2>\t\t\t\t<\/div>\n\t\t\t\t<\/div>\n\t\t\t\t\t<\/div>\n\t\t\t\t<\/div>\n\t\t<div class=\"elementor-element elementor-element-5b1da031 e-flex e-con-boxed e-con e-child\" data-id=\"5b1da031\" data-element_type=\"container\" data-e-type=\"container\">\n\t\t\t\t\t<div class=\"e-con-inner\">\n\t\t\t\t<div class=\"elementor-element elementor-element-a8017a0 elementor-widget elementor-widget-text-editor\" data-id=\"a8017a0\" data-element_type=\"widget\" data-e-type=\"widget\" data-widget_type=\"text-editor.default\">\n\t\t\t\t<div class=\"elementor-widget-container\">\n\t\t\t\t\t\t\t\t\t<p><strong>Geleneksel Oksijen \u00dcretiminin S\u0131n\u0131rlar\u0131.<\/strong><\/p><p>Oksijen \u00fcretimi i\u00e7in geleneksel bas\u0131n\u00e7 sal\u0131n\u0131ml\u0131 adsorpsiyon (PSA) teknolojisinin do\u011fas\u0131nda bir s\u0131n\u0131rlama vard\u0131r. Kullan\u0131lan molek\u00fcler elekler argonu oksijenden yeterince ay\u0131ramaz ve safl\u0131\u011f\u0131 en iyi ihtimalle 95,7% ile s\u0131n\u0131rlar. Sonu\u00e7 olarak, PSA oksijen jenerat\u00f6rleri yaln\u0131zca 93\u00b12% safl\u0131\u011fa ula\u015fabilmi\u015ftir.<\/p>\t\t\t\t\t\t\t\t<\/div>\n\t\t\t\t<\/div>\n\t\t\t\t<div class=\"elementor-element elementor-element-330a75c elementor-widget elementor-widget-image\" data-id=\"330a75c\" data-element_type=\"widget\" data-e-type=\"widget\" data-widget_type=\"image.default\">\n\t\t\t\t<div class=\"elementor-widget-container\">\n\t\t\t\t\t\t\t\t\t\t\t\t\t\t\t<img decoding=\"async\" width=\"960\" height=\"347\" src=\"https:\/\/oxynitra.com\/wp-content\/uploads\/2023\/08\/High-Purity-Oxygen-Generator-Workflow.jpg\" class=\"attachment-full size-full wp-image-735\" alt=\"Y\u00fcksek Safl\u0131kta Oksijen Jenerat\u00f6r\u00fc \u0130\u015f Ak\u0131\u015f\u0131\" srcset=\"https:\/\/oxynitra.com\/wp-content\/uploads\/2023\/08\/High-Purity-Oxygen-Generator-Workflow.jpg 960w, https:\/\/oxynitra.com\/wp-content\/uploads\/2023\/08\/High-Purity-Oxygen-Generator-Workflow-300x108.jpg 300w, https:\/\/oxynitra.com\/wp-content\/uploads\/2023\/08\/High-Purity-Oxygen-Generator-Workflow-768x278.jpg 768w\" sizes=\"(max-width: 960px) 100vw, 960px\" \/>\t\t\t\t\t\t\t\t\t\t\t\t\t\t\t<\/div>\n\t\t\t\t<\/div>\n\t\t\t\t<div class=\"elementor-element elementor-element-a6a9351 elementor-widget elementor-widget-text-editor\" data-id=\"a6a9351\" data-element_type=\"widget\" data-e-type=\"widget\" data-widget_type=\"text-editor.default\">\n\t\t\t\t<div class=\"elementor-widget-container\">\n\t\t\t\t\t\t\t\t\t<p class=\"whitespace-pre-wrap\"><strong>PSA Teknolojisinin S\u0131n\u0131rlar\u0131n\u0131 Zorluyoruz<\/strong><\/p><p class=\"whitespace-pre-wrap\">OxyNitra ekibi, daha \u00f6nce PSA oksijen safl\u0131\u011f\u0131n\u0131 s\u0131n\u0131rlayan teknik engellerin \u00fcstesinden geldi. On y\u0131llar boyunca s\u00fcren kapsaml\u0131 ara\u015ft\u0131rma ve geli\u015ftirme \u00e7al\u0131\u015fmalar\u0131 sayesinde, geleneksel d\u00fc\u015f\u00fcnceye meydan okuyan bir \u00e7\u00f6z\u00fcm geli\u015ftirdik. PSA sistemlerimiz 99,5%'ye kadar safl\u0131kta oksijen \u00fcretebilir ve PSA'n\u0131n bu seviyelere ula\u015famayaca\u011f\u0131 y\u00f6n\u00fcndeki end\u00fcstri inanc\u0131n\u0131 tersine \u00e7evirir.<\/p><p class=\"whitespace-pre-wrap\"><strong>Oksijen Kalitesinde Yeni Standartlar Belirleniyor<\/strong><\/p><p class=\"whitespace-pre-wrap\">OxyNitra y\u00fcksek safl\u0131kta oksijen \u00fcretiminde \u00f6nc\u00fcd\u00fcr. Jenerat\u00f6rlerimiz en kat\u0131 kalite standartlar\u0131n\u0131 kar\u015f\u0131layan t\u0131bbi ve havac\u0131l\u0131k s\u0131n\u0131f\u0131 oksijen \u00fcretmektedir. Bu, ba\u011f\u0131ms\u0131z yetkili kurulu\u015flar taraf\u0131ndan yap\u0131lan testlerle do\u011frulanm\u0131\u015ft\u0131r. Uzun s\u00fcredir devam eden bu teknik zorlu\u011fu \u00e7\u00f6zd\u00fc\u011f\u00fcm\u00fcz ve \u00fcst\u00fcn kaliteli bir \u00fcr\u00fcn sundu\u011fumuz i\u00e7in gurur duyuyoruz.<\/p>\t\t\t\t\t\t\t\t<\/div>\n\t\t\t\t<\/div>\n\t\t\t\t\t<\/div>\n\t\t\t\t<\/div>\n\t\t\t\t\t<\/div>\n\t\t\t\t<\/div>\n\t\t<div class=\"elementor-element elementor-element-3a65e1e e-flex e-con-boxed e-con e-parent\" data-id=\"3a65e1e\" data-element_type=\"container\" data-e-type=\"container\" data-settings=\"{&quot;background_background&quot;:&quot;classic&quot;}\">\n\t\t\t\t\t<div class=\"e-con-inner\">\n\t\t<div class=\"elementor-element elementor-element-6455628 e-con-full e-flex e-con e-child\" data-id=\"6455628\" data-element_type=\"container\" data-e-type=\"container\">\n\t\t\t\t<div class=\"elementor-element elementor-element-0d819ca elementor-widget elementor-widget-heading\" data-id=\"0d819ca\" data-element_type=\"widget\" data-e-type=\"widget\" data-widget_type=\"heading.default\">\n\t\t\t\t<div class=\"elementor-widget-container\">\n\t\t\t\t\t<h2 class=\"elementor-heading-title elementor-size-default\">Uzman Rehberli\u011fi i\u00e7in Bize Ula\u015f\u0131n<\/h2>\t\t\t\t<\/div>\n\t\t\t\t<\/div>\n\t\t\t\t<div class=\"elementor-element elementor-element-875f6fd elementor-widget__width-initial elementor-widget elementor-widget-text-editor\" data-id=\"875f6fd\" data-element_type=\"widget\" data-e-type=\"widget\" data-widget_type=\"text-editor.default\">\n\t\t\t\t<div class=\"elementor-widget-container\">\n\t\t\t\t\t\t\t\t\t<p>\u00d6zel proje gereksinimlerinizi g\u00f6r\u00fc\u015fmek i\u00e7in oksijen \u00fcretimi uzmanlar\u0131m\u0131zla ileti\u015fime ge\u00e7in. Sorular\u0131n\u0131z\u0131 yan\u0131tlamaktan ve \u00f6nerilerde bulunmaktan mutluluk duyar\u0131z.<\/p>\t\t\t\t\t\t\t\t<\/div>\n\t\t\t\t<\/div>\n\t\t\t\t<div class=\"elementor-element elementor-element-1b71832 elementor-align-center elementor-widget elementor-widget-button\" data-id=\"1b71832\" data-element_type=\"widget\" data-e-type=\"widget\" data-widget_type=\"button.default\">\n\t\t\t\t<div class=\"elementor-widget-container\">\n\t\t\t\t\t\t\t\t\t<div class=\"elementor-button-wrapper\">\n\t\t\t\t\t<a class=\"elementor-button elementor-button-link elementor-size-sm\" href=\"#elementor-action:action=popup:open&settings=eyJpZCI6IjExMzkiLCJ0b2dnbGUiOmZhbHNlfQ==\">\n\t\t\t\t\t\t<span class=\"elementor-button-content-wrapper\">\n\t\t\t\t\t\t\t\t\t<span class=\"elementor-button-text\">\u0130leti\u015fime Ge\u00e7in<\/span>\n\t\t\t\t\t<\/span>\n\t\t\t\t\t<\/a>\n\t\t\t\t<\/div>\n\t\t\t\t\t\t\t\t<\/div>\n\t\t\t\t<\/div>\n\t\t\t\t<\/div>\n\t\t\t\t\t<\/div>\n\t\t\t\t<\/div>\n\t\t\t\t<\/div>","protected":false},"excerpt":{"rendered":"<p>99.5% Y\u00fcksek Safl\u0131kta Oksijen Jenerat\u00f6r\u00fc Ultra Y\u00fcksek Safl\u0131kta, \u00d6zel Tasar\u0131m, Yerinde Oksijen Kayna\u011f\u0131 OxyNitra ultra y\u00fcksek safl\u0131kta oksijen jenerat\u00f6r\u00fc, eser kirletici i\u00e7ermeyen 99.5% saf oksijeni g\u00fcvenilir bir \u015fekilde \u00fcretmek i\u00e7in \u00e7ok a\u015famal\u0131 PSA teknolojisini kullan\u0131r. Ultra y\u00fcksek safl\u0131kta oksijene ihtiya\u00e7 duyan hastaneler ve sa\u011fl\u0131k merkezleri i\u00e7in idealdir. Teklif \u0130ste Oksijen ak\u0131\u015f\u0131: 1 ~ 1.000Nm3 \/ saat Oksijen safl\u0131\u011f\u0131: 80 ~ 99.5% Oksijen bas\u0131nc\u0131: 0.5Mpa ~ 1.0Mpa Oksijen [...]<\/p>","protected":false},"author":1,"featured_media":0,"parent":0,"menu_order":0,"comment_status":"closed","ping_status":"closed","template":"","meta":{"site-sidebar-layout":"no-sidebar","site-content-layout":"page-builder","ast-site-content-layout":"default","site-content-style":"default","site-sidebar-style":"default","ast-global-header-display":"","ast-banner-title-visibility":"","ast-main-header-display":"","ast-hfb-above-header-display":"","ast-hfb-below-header-display":"","ast-hfb-mobile-header-display":"","site-post-title":"disabled","ast-breadcrumbs-content":"","ast-featured-img":"disabled","footer-sml-layout":"","ast-disable-related-posts":"","theme-transparent-header-meta":"","adv-header-id-meta":"","stick-header-meta":"","header-above-stick-meta":"","header-main-stick-meta":"","header-below-stick-meta":"","astra-migrate-meta-layouts":"default","ast-page-background-enabled":"default","ast-page-background-meta":{"desktop":{"background-color":"var(--ast-global-color-4)","background-image":"","background-repeat":"repeat","background-position":"center center","background-size":"auto","background-attachment":"scroll","background-type":"","background-media":"","overlay-type":"","overlay-color":"","overlay-opacity":"","overlay-gradient":""},"tablet":{"background-color":"","background-image":"","background-repeat":"repeat","background-position":"center center","background-size":"auto","background-attachment":"scroll","background-type":"","background-media":"","overlay-type":"","overlay-color":"","overlay-opacity":"","overlay-gradient":""},"mobile":{"background-color":"","background-image":"","background-repeat":"repeat","background-position":"center center","background-size":"auto","background-attachment":"scroll","background-type":"","background-media":"","overlay-type":"","overlay-color":"","overlay-opacity":"","overlay-gradient":""}},"ast-content-background-meta":{"desktop":{"background-color":"var(--ast-global-color-5)","background-image":"","background-repeat":"repeat","background-position":"center center","background-size":"auto","background-attachment":"scroll","background-type":"","background-media":"","overlay-type":"","overlay-color":"","overlay-opacity":"","overlay-gradient":""},"tablet":{"background-color":"var(--ast-global-color-5)","background-image":"","background-repeat":"repeat","background-position":"center center","background-size":"auto","background-attachment":"scroll","background-type":"","background-media":"","overlay-type":"","overlay-color":"","overlay-opacity":"","overlay-gradient":""},"mobile":{"background-color":"var(--ast-global-color-5)","background-image":"","background-repeat":"repeat","background-position":"center center","background-size":"auto","background-attachment":"scroll","background-type":"","background-media":"","overlay-type":"","overlay-color":"","overlay-opacity":"","overlay-gradient":""}},"footnotes":""},"class_list":["post-852","page","type-page","status-publish","hentry"],"_links":{"self":[{"href":"https:\/\/oxynitra.com\/tr\/wp-json\/wp\/v2\/pages\/852","targetHints":{"allow":["GET"]}}],"collection":[{"href":"https:\/\/oxynitra.com\/tr\/wp-json\/wp\/v2\/pages"}],"about":[{"href":"https:\/\/oxynitra.com\/tr\/wp-json\/wp\/v2\/types\/page"}],"author":[{"embeddable":true,"href":"https:\/\/oxynitra.com\/tr\/wp-json\/wp\/v2\/users\/1"}],"replies":[{"embeddable":true,"href":"https:\/\/oxynitra.com\/tr\/wp-json\/wp\/v2\/comments?post=852"}],"version-history":[{"count":0,"href":"https:\/\/oxynitra.com\/tr\/wp-json\/wp\/v2\/pages\/852\/revisions"}],"wp:attachment":[{"href":"https:\/\/oxynitra.com\/tr\/wp-json\/wp\/v2\/media?parent=852"}],"curies":[{"name":"wp","href":"https:\/\/api.w.org\/{rel}","templated":true}]}}